{"id":16,"date":"2013-05-14T11:14:15","date_gmt":"2013-05-14T11:14:15","guid":{"rendered":"https:\/\/ufogolf.lv\/?page_id=16"},"modified":"2024-05-10T00:11:59","modified_gmt":"2024-05-09T21:11:59","slug":"disku-golfs","status":"publish","type":"page","link":"https:\/\/ufogolf.lv\/en\/ufogolf\/disku-golfs\/","title":{"rendered":"Disc Golf"},"content":{"rendered":"<p><\/p>\n<div>\n<p><a href=\"https:\/\/www.pdga.com\/introduction\" target=\"_blank\" rel=\"noopener noreferrer\">Disc Golf<\/a> is an amazing recreational sport that is quickly gaining in popularity with each passing day. So, if it\u2019s so great, then what is it?<\/p>\n<p><strong>What it is<\/strong><br \/>\nDisc golf is a lot like traditional \u201cball\u201d golf, but instead of using clubs and golf balls, the player throws specially made plastic flying discs (frisbees) from a tee pad to an above-ground basket on a pole instead of a hole in the ground. The player begins by \u2018driving\u2019 from a designated tee area and continues toward the target, throwing each consecutive shot from the spot where the previous throw has landed. The score is based on the number of throws it takes to get the disc to land in the basket. The lowest score wins! Like traditional golf there are different types of discs used for different purposes, much like ball golfers use different clubs<\/p>\n<p><img loading=\"lazy\" decoding=\"async\" class=\"alignnone wp-image-5158\" src=\"https:\/\/ufogolf.lv\/wp-content\/uploads\/\/2024\/05\/disku-golfs-apraksts-4.png\" alt=\"\" width=\"273\" height=\"182\" srcset=\"https:\/\/ufogolf.lv\/wp-content\/uploads\/2024\/05\/disku-golfs-apraksts-4.png 1000w, https:\/\/ufogolf.lv\/wp-content\/uploads\/2024\/05\/disku-golfs-apraksts-4-300x200.png 300w, https:\/\/ufogolf.lv\/wp-content\/uploads\/2024\/05\/disku-golfs-apraksts-4-150x100.png 150w, https:\/\/ufogolf.lv\/wp-content\/uploads\/2024\/05\/disku-golfs-apraksts-4-768x511.png 768w, https:\/\/ufogolf.lv\/wp-content\/uploads\/2024\/05\/disku-golfs-apraksts-4-800x533.png 800w, https:\/\/ufogolf.lv\/wp-content\/uploads\/2024\/05\/disku-golfs-apraksts-4-600x400.png 600w\" sizes=\"auto, (max-width: 273px) 100vw, 273px\" \/><img loading=\"lazy\" decoding=\"async\" class=\"alignnone wp-image-5159\" src=\"https:\/\/ufogolf.lv\/wp-content\/uploads\/\/2024\/05\/disku-golfs-apraksts-2.png\" alt=\"\" width=\"273\" height=\"182\" srcset=\"https:\/\/ufogolf.lv\/wp-content\/uploads\/2024\/05\/disku-golfs-apraksts-2.png 1000w, https:\/\/ufogolf.lv\/wp-content\/uploads\/2024\/05\/disku-golfs-apraksts-2-300x200.png 300w, https:\/\/ufogolf.lv\/wp-content\/uploads\/2024\/05\/disku-golfs-apraksts-2-150x100.png 150w, https:\/\/ufogolf.lv\/wp-content\/uploads\/2024\/05\/disku-golfs-apraksts-2-768x511.png 768w, https:\/\/ufogolf.lv\/wp-content\/uploads\/2024\/05\/disku-golfs-apraksts-2-800x533.png 800w, https:\/\/ufogolf.lv\/wp-content\/uploads\/2024\/05\/disku-golfs-apraksts-2-600x400.png 600w\" sizes=\"auto, (max-width: 273px) 100vw, 273px\" \/><img loading=\"lazy\" decoding=\"async\" class=\"alignnone wp-image-5160\" src=\"https:\/\/ufogolf.lv\/wp-content\/uploads\/\/2024\/05\/disku-golfs-apraksts-3.png\" alt=\"\" width=\"273\" height=\"182\" srcset=\"https:\/\/ufogolf.lv\/wp-content\/uploads\/2024\/05\/disku-golfs-apraksts-3.png 1000w, https:\/\/ufogolf.lv\/wp-content\/uploads\/2024\/05\/disku-golfs-apraksts-3-300x200.png 300w, https:\/\/ufogolf.lv\/wp-content\/uploads\/2024\/05\/disku-golfs-apraksts-3-150x100.png 150w, https:\/\/ufogolf.lv\/wp-content\/uploads\/2024\/05\/disku-golfs-apraksts-3-768x511.png 768w, https:\/\/ufogolf.lv\/wp-content\/uploads\/2024\/05\/disku-golfs-apraksts-3-800x533.png 800w, https:\/\/ufogolf.lv\/wp-content\/uploads\/2024\/05\/disku-golfs-apraksts-3-600x400.png 600w\" sizes=\"auto, (max-width: 273px) 100vw, 273px\" \/><img loading=\"lazy\" decoding=\"async\" class=\"alignnone wp-image-5161\" src=\"https:\/\/ufogolf.lv\/wp-content\/uploads\/\/2024\/05\/disku-golfs-apraksts-1.png\" alt=\"\" width=\"273\" height=\"182\" srcset=\"https:\/\/ufogolf.lv\/wp-content\/uploads\/2024\/05\/disku-golfs-apraksts-1.png 1000w, https:\/\/ufogolf.lv\/wp-content\/uploads\/2024\/05\/disku-golfs-apraksts-1-300x200.png 300w, https:\/\/ufogolf.lv\/wp-content\/uploads\/2024\/05\/disku-golfs-apraksts-1-150x100.png 150w, https:\/\/ufogolf.lv\/wp-content\/uploads\/2024\/05\/disku-golfs-apraksts-1-768x511.png 768w, https:\/\/ufogolf.lv\/wp-content\/uploads\/2024\/05\/disku-golfs-apraksts-1-800x533.png 800w, https:\/\/ufogolf.lv\/wp-content\/uploads\/2024\/05\/disku-golfs-apraksts-1-600x400.png 600w\" sizes=\"auto, (max-width: 273px) 100vw, 273px\" \/><\/p>\n<p><strong>Required Equipment<\/strong><br \/>\nSpecial weighted discs are preferred by disc golf pros. You can use a regular Frisbee to play but as you gain experience you\u2019ll find that regular Frisbees will not produce the desired results. Below are examples of the three basic types of discs used.<\/p>\n<p><strong>Putters:<\/strong>\u00a0As the name suggests this disc is used for short range putts into the basket. It has a dome-like profile allowing for more glide and loft.<\/p>\n<p><strong>Midrange:\u00a0<\/strong>This disc is used to approach the basket from the fairway. It has a slimmer profile and a slightly thicker rim to allow for more aerodynamic distance.<\/p>\n<p><strong>Drivers:\u00a0<\/strong>Drivers have a very slim and sleek profile similar to that of a discus. It has a wide rim on the underside to accommodate a firm grip for maximum distance \u00ad\u00adfrom the tee box.<img loading=\"lazy\" decoding=\"async\" class=\"aligncenter\" src=\"http:\/\/localhost:3000\/ufogolf\/wp-content\/uploads\/2013\/05\/ka_to_darit.png\" alt=\"K\u0101 to dar\u012bt\" width=\"1024\" height=\"321\" \/><\/p>\n<div>\n<hr \/>\n<p><strong>Scorecard<\/strong> \u2013 intended to mark players and their performance. In competitions scorecard is as a confirming document. We are offering everyone to use electronic scorecard (<a href=\"https:\/\/discgolfmetrix.com\/\" target=\"_blank\" rel=\"noopener noreferrer\">Disc Golf Metrix<\/a>) \u200b\u200bon your mobile phones.<\/p>\n<p><strong>Scoring\u00a0<\/strong>\u2013 Each throw counts as one point. The object is to acquire the lowest total score. Each hole has a par score, the number of throws expected to get the disc in the basket. Most courses will have par 3 baskets but par 4\u2019s and 5\u2019s are not uncommon.<\/p>\n<p><strong>Tee Throws<\/strong>\u00a0\u2013 Throws must be completed within the tee area. Most tee areas will have a concrete tee pad and a sign indicating the location of the basket and its distance from the tee pad. It may also indicate the location of the next basket. A throw from this area is known as the \u201cDrive\u201d and drivers are typically used from this area for maximum distance.<\/p>\n<p><strong>Fairway Throws<\/strong>\u00a0\u2013 Fairway throws must be made with both feet no closer to the hole than where the disc last landed. Any throw from the fairway and beyond ten yards from the basket is known as an \u201capproach\u201d shot and will either require a driver or midrange disc depending on the distance and other factors.<\/p>\n<p><strong>Putt Throws\u00a0<\/strong>\u2013 Putting usually occurs within 10 yards of the basket, falling or jumping putts are not allowed. A successful \u2018putt\u2019 sends the disc into the target. The most satisfying sound a disc golfer can hear is the \u2018ching!\u2019 of a disc crashing the chains before dropping into the basket<\/p>\n<p><strong>Out of Bounds<\/strong>\u00a0\u2013 A throw that lands out of bounds must be played from the point where the disc went out of bounds and a one-point penalty is incurred. Water hazards and public roads are always out of bounds. Most disc golf courses consist of 9 or 18 holes. Hole lengths vary, but generally fall between 150 and 500 feet each. Trees, shrubbery, water and terrain changes offer plenty of hazards to avoid, and it becomes very possible to lose a disc in areas with thick growth, tall trees or deep water. Fortunately, at significantly lower retail prices, lost discs are more easily replaced than your typical nine-iron.<\/p>\n<\/div>\n<p>Online scorecard <strong><a href=\"https:\/\/discgolfmetrix.com\/\" target=\"_blank\" rel=\"noopener noreferrer\"><img loading=\"lazy\" decoding=\"async\" class=\"size-full wp-image-4686 aligncenter\" src=\"https:\/\/ufogolf.lv\/wp-content\/uploads\/\/2020\/01\/Discgolfmetrix-logo.png\" alt=\"\" width=\"382\" height=\"132\" srcset=\"https:\/\/ufogolf.lv\/wp-content\/uploads\/2020\/01\/Discgolfmetrix-logo.png 382w, https:\/\/ufogolf.lv\/wp-content\/uploads\/2020\/01\/Discgolfmetrix-logo-300x104.png 300w, https:\/\/ufogolf.lv\/wp-content\/uploads\/2020\/01\/Discgolfmetrix-logo-150x52.png 150w\" sizes=\"auto, (max-width: 382px) 100vw, 382px\" \/><\/a><\/strong><\/p>\n<\/div>\n<p><\/p>","protected":false},"excerpt":{"rendered":"<p>Disc Golf is an amazing recreational sport that is quickly gaining in popularity with each passing day. So, if it\u2019s so great, then what is it? What it is Disc golf is a lot like traditional \u201cball\u201d golf, but instead of using clubs and golf balls, the player throws specially made plastic flying discs (frisbees)&#8230;<\/p>\n","protected":false},"author":2,"featured_media":5156,"parent":5,"menu_order":1,"comment_status":"open","ping_status":"open","template":"","meta":{"_acf_changed":false,"footnotes":""},"class_list":["post-16","page","type-page","status-publish","has-post-thumbnail","hentry"],"acf":[],"yoast_head":"<!-- This site is optimized with the Yoast SEO plugin v24.6 - https:\/\/yoast.com\/wordpress\/plugins\/seo\/ -->\n<title>Disc Golf - UFOGOLF<\/title>\n<meta name=\"description\" content=\"Disku golfs ir sporta sp\u0113le, kur\u0101 sp\u0113l\u0113t\u0101jam \u012bpa\u0161s lidojo\u0161ais disks j\u0101iemet \u012bpa\u0161\u0101 groz\u0101.\" \/>\n<meta name=\"robots\" content=\"index, follow, max-snippet:-1, max-image-preview:large, max-video-preview:-1\" \/>\n<link rel=\"canonical\" href=\"https:\/\/ufogolf.lv\/ufogolf\/disku-golfs\/\" \/>\n<meta property=\"og:locale\" content=\"en_US\" \/>\n<meta property=\"og:type\" content=\"article\" \/>\n<meta property=\"og:title\" content=\"[:lv]Disku golfs[:en]Disc Golf[:ru]\u0414\u0438\u0441\u043a \u0413\u043e\u043b\u044c\u0444[:] - UFOGOLF\" \/>\n<meta property=\"og:description\" content=\"Disku golfs ir sporta sp\u0113le, kur\u0101 sp\u0113l\u0113t\u0101jam \u012bpa\u0161s lidojo\u0161ais disks j\u0101iemet \u012bpa\u0161\u0101 groz\u0101.\" \/>\n<meta property=\"og:url\" content=\"https:\/\/ufogolf.lv\/ufogolf\/disku-golfs\/\" \/>\n<meta property=\"og:site_name\" content=\"UFOGOLF\" \/>\n<meta property=\"article:publisher\" content=\"https:\/\/facebook.com\/ufogolflatvija\" \/>\n<meta property=\"article:modified_time\" content=\"2024-05-09T21:11:59+00:00\" \/>\n<meta property=\"og:image\" content=\"https:\/\/ufogolf.lv\/wp-content\/uploads\/\/2024\/05\/disku-golfs-promo-airbaltic-disc-golf-park-ufogolf.png\" \/>\n\t<meta property=\"og:image:width\" content=\"1000\" \/>\n\t<meta property=\"og:image:height\" content=\"562\" \/>\n\t<meta property=\"og:image:type\" content=\"image\/png\" \/>\n<meta name=\"twitter:card\" content=\"summary_large_image\" \/>\n<meta name=\"twitter:label1\" content=\"Est. reading time\" \/>\n\t<meta name=\"twitter:data1\" content=\"3 minutes\" \/>\n<script type=\"application\/ld+json\" class=\"yoast-schema-graph\">{\"@context\":\"https:\/\/schema.org\",\"@graph\":[{\"@type\":\"WebPage\",\"@id\":\"https:\/\/ufogolf.lv\/ufogolf\/disku-golfs\/\",\"url\":\"https:\/\/ufogolf.lv\/ufogolf\/disku-golfs\/\",\"name\":\"[:lv]Disku golfs[:en]Disc Golf[:ru]\u0414\u0438\u0441\u043a \u0413\u043e\u043b\u044c\u0444[:] - UFOGOLF\",\"isPartOf\":{\"@id\":\"https:\/\/ufogolf.lv\/#website\"},\"primaryImageOfPage\":{\"@id\":\"https:\/\/ufogolf.lv\/ufogolf\/disku-golfs\/#primaryimage\"},\"image\":{\"@id\":\"https:\/\/ufogolf.lv\/ufogolf\/disku-golfs\/#primaryimage\"},\"thumbnailUrl\":\"https:\/\/ufogolf.lv\/wp-content\/uploads\/\/2024\/05\/disku-golfs-promo-airbaltic-disc-golf-park-ufogolf.png\",\"datePublished\":\"2013-05-14T11:14:15+00:00\",\"dateModified\":\"2024-05-09T21:11:59+00:00\",\"description\":\"Disku golfs ir sporta sp\u0113le, kur\u0101 sp\u0113l\u0113t\u0101jam \u012bpa\u0161s lidojo\u0161ais disks j\u0101iemet \u012bpa\u0161\u0101 groz\u0101.\",\"breadcrumb\":{\"@id\":\"https:\/\/ufogolf.lv\/ufogolf\/disku-golfs\/#breadcrumb\"},\"inLanguage\":\"en-US\",\"potentialAction\":[{\"@type\":\"ReadAction\",\"target\":[\"https:\/\/ufogolf.lv\/ufogolf\/disku-golfs\/\"]}]},{\"@type\":\"ImageObject\",\"inLanguage\":\"en-US\",\"@id\":\"https:\/\/ufogolf.lv\/ufogolf\/disku-golfs\/#primaryimage\",\"url\":\"https:\/\/ufogolf.lv\/wp-content\/uploads\/\/2024\/05\/disku-golfs-promo-airbaltic-disc-golf-park-ufogolf.png\",\"contentUrl\":\"https:\/\/ufogolf.lv\/wp-content\/uploads\/\/2024\/05\/disku-golfs-promo-airbaltic-disc-golf-park-ufogolf.png\",\"width\":1000,\"height\":562},{\"@type\":\"BreadcrumbList\",\"@id\":\"https:\/\/ufogolf.lv\/ufogolf\/disku-golfs\/#breadcrumb\",\"itemListElement\":[{\"@type\":\"ListItem\",\"position\":1,\"name\":\"Home\",\"item\":\"https:\/\/ufogolf.lv\/\"},{\"@type\":\"ListItem\",\"position\":2,\"name\":\"Ufogolf\",\"item\":\"https:\/\/ufogolf.lv\/\"},{\"@type\":\"ListItem\",\"position\":3,\"name\":\"Disku golfs\"}]},{\"@type\":\"WebSite\",\"@id\":\"https:\/\/ufogolf.lv\/#website\",\"url\":\"https:\/\/ufogolf.lv\/\",\"name\":\"UFOGOLF\",\"description\":\"UFOGOLF disc golf and disc golf courses in Riga\",\"publisher\":{\"@id\":\"https:\/\/ufogolf.lv\/#organization\"},\"potentialAction\":[{\"@type\":\"SearchAction\",\"target\":{\"@type\":\"EntryPoint\",\"urlTemplate\":\"https:\/\/ufogolf.lv\/?s={search_term_string}\"},\"query-input\":{\"@type\":\"PropertyValueSpecification\",\"valueRequired\":true,\"valueName\":\"search_term_string\"}}],\"inLanguage\":\"en-US\"},{\"@type\":\"Organization\",\"@id\":\"https:\/\/ufogolf.lv\/#organization\",\"name\":\"Ufogolf Latvia\",\"alternateName\":\"Ufogolf Latvija\",\"url\":\"https:\/\/ufogolf.lv\/\",\"logo\":{\"@type\":\"ImageObject\",\"inLanguage\":\"en-US\",\"@id\":\"https:\/\/ufogolf.lv\/#\/schema\/logo\/image\/\",\"url\":\"https:\/\/ufogolf.lv\/wp-content\/uploads\/\/2021\/05\/ufogolf_logo_krasains.png\",\"contentUrl\":\"https:\/\/ufogolf.lv\/wp-content\/uploads\/\/2021\/05\/ufogolf_logo_krasains.png\",\"width\":182,\"height\":187,\"caption\":\"Ufogolf Latvia\"},\"image\":{\"@id\":\"https:\/\/ufogolf.lv\/#\/schema\/logo\/image\/\"},\"sameAs\":[\"https:\/\/facebook.com\/ufogolflatvija\",\"https:\/\/www.instagram.com\/ufogolf\",\"https:\/\/www.linkedin.com\/company\/ufogolf-latvija\",\"https:\/\/www.youtube.com\/user\/ufogolflatvija\"]}]}<\/script>\n<!-- \/ Yoast SEO plugin. -->","yoast_head_json":{"title":"[:lv]Disku golfs[:en]Disc Golf[:ru]\u0414\u0438\u0441\u043a \u0413\u043e\u043b\u044c\u0444[:] - UFOGOLF","description":"Disku golfs ir sporta sp\u0113le, kur\u0101 sp\u0113l\u0113t\u0101jam \u012bpa\u0161s lidojo\u0161ais disks j\u0101iemet \u012bpa\u0161\u0101 groz\u0101.","robots":{"index":"index","follow":"follow","max-snippet":"max-snippet:-1","max-image-preview":"max-image-preview:large","max-video-preview":"max-video-preview:-1"},"canonical":"https:\/\/ufogolf.lv\/ufogolf\/disku-golfs\/","og_locale":"en_US","og_type":"article","og_title":"[:lv]Disku golfs[:en]Disc Golf[:ru]\u0414\u0438\u0441\u043a \u0413\u043e\u043b\u044c\u0444[:] - UFOGOLF","og_description":"Disku golfs ir sporta sp\u0113le, kur\u0101 sp\u0113l\u0113t\u0101jam \u012bpa\u0161s lidojo\u0161ais disks j\u0101iemet \u012bpa\u0161\u0101 groz\u0101.","og_url":"https:\/\/ufogolf.lv\/ufogolf\/disku-golfs\/","og_site_name":"UFOGOLF","article_publisher":"https:\/\/facebook.com\/ufogolflatvija","article_modified_time":"2024-05-09T21:11:59+00:00","og_image":[{"width":1000,"height":562,"url":"https:\/\/ufogolf.lv\/wp-content\/uploads\/\/2024\/05\/disku-golfs-promo-airbaltic-disc-golf-park-ufogolf.png","type":"image\/png"}],"twitter_card":"summary_large_image","twitter_misc":{"Est. reading time":"3 minutes"},"schema":{"@context":"https:\/\/schema.org","@graph":[{"@type":"WebPage","@id":"https:\/\/ufogolf.lv\/ufogolf\/disku-golfs\/","url":"https:\/\/ufogolf.lv\/ufogolf\/disku-golfs\/","name":"[:lv]Disku golfs[:en]Disc Golf[:ru]\u0414\u0438\u0441\u043a \u0413\u043e\u043b\u044c\u0444[:] - UFOGOLF","isPartOf":{"@id":"https:\/\/ufogolf.lv\/#website"},"primaryImageOfPage":{"@id":"https:\/\/ufogolf.lv\/ufogolf\/disku-golfs\/#primaryimage"},"image":{"@id":"https:\/\/ufogolf.lv\/ufogolf\/disku-golfs\/#primaryimage"},"thumbnailUrl":"https:\/\/ufogolf.lv\/wp-content\/uploads\/\/2024\/05\/disku-golfs-promo-airbaltic-disc-golf-park-ufogolf.png","datePublished":"2013-05-14T11:14:15+00:00","dateModified":"2024-05-09T21:11:59+00:00","description":"Disku golfs ir sporta sp\u0113le, kur\u0101 sp\u0113l\u0113t\u0101jam \u012bpa\u0161s lidojo\u0161ais disks j\u0101iemet \u012bpa\u0161\u0101 groz\u0101.","breadcrumb":{"@id":"https:\/\/ufogolf.lv\/ufogolf\/disku-golfs\/#breadcrumb"},"inLanguage":"en-US","potentialAction":[{"@type":"ReadAction","target":["https:\/\/ufogolf.lv\/ufogolf\/disku-golfs\/"]}]},{"@type":"ImageObject","inLanguage":"en-US","@id":"https:\/\/ufogolf.lv\/ufogolf\/disku-golfs\/#primaryimage","url":"https:\/\/ufogolf.lv\/wp-content\/uploads\/\/2024\/05\/disku-golfs-promo-airbaltic-disc-golf-park-ufogolf.png","contentUrl":"https:\/\/ufogolf.lv\/wp-content\/uploads\/\/2024\/05\/disku-golfs-promo-airbaltic-disc-golf-park-ufogolf.png","width":1000,"height":562},{"@type":"BreadcrumbList","@id":"https:\/\/ufogolf.lv\/ufogolf\/disku-golfs\/#breadcrumb","itemListElement":[{"@type":"ListItem","position":1,"name":"Home","item":"https:\/\/ufogolf.lv\/"},{"@type":"ListItem","position":2,"name":"Ufogolf","item":"https:\/\/ufogolf.lv\/"},{"@type":"ListItem","position":3,"name":"Disku golfs"}]},{"@type":"WebSite","@id":"https:\/\/ufogolf.lv\/#website","url":"https:\/\/ufogolf.lv\/","name":"UFOGOLF","description":"UFOGOLF disc golf and disc golf courses in Riga","publisher":{"@id":"https:\/\/ufogolf.lv\/#organization"},"potentialAction":[{"@type":"SearchAction","target":{"@type":"EntryPoint","urlTemplate":"https:\/\/ufogolf.lv\/?s={search_term_string}"},"query-input":{"@type":"PropertyValueSpecification","valueRequired":true,"valueName":"search_term_string"}}],"inLanguage":"en-US"},{"@type":"Organization","@id":"https:\/\/ufogolf.lv\/#organization","name":"Ufogolf Latvia","alternateName":"Ufogolf Latvija","url":"https:\/\/ufogolf.lv\/","logo":{"@type":"ImageObject","inLanguage":"en-US","@id":"https:\/\/ufogolf.lv\/#\/schema\/logo\/image\/","url":"https:\/\/ufogolf.lv\/wp-content\/uploads\/\/2021\/05\/ufogolf_logo_krasains.png","contentUrl":"https:\/\/ufogolf.lv\/wp-content\/uploads\/\/2021\/05\/ufogolf_logo_krasains.png","width":182,"height":187,"caption":"Ufogolf Latvia"},"image":{"@id":"https:\/\/ufogolf.lv\/#\/schema\/logo\/image\/"},"sameAs":["https:\/\/facebook.com\/ufogolflatvija","https:\/\/www.instagram.com\/ufogolf","https:\/\/www.linkedin.com\/company\/ufogolf-latvija","https:\/\/www.youtube.com\/user\/ufogolflatvija"]}]}},"_links":{"self":[{"href":"https:\/\/ufogolf.lv\/en\/wp-json\/wp\/v2\/pages\/16","targetHints":{"allow":["GET"]}}],"collection":[{"href":"https:\/\/ufogolf.lv\/en\/wp-json\/wp\/v2\/pages"}],"about":[{"href":"https:\/\/ufogolf.lv\/en\/wp-json\/wp\/v2\/types\/page"}],"author":[{"embeddable":true,"href":"https:\/\/ufogolf.lv\/en\/wp-json\/wp\/v2\/users\/2"}],"replies":[{"embeddable":true,"href":"https:\/\/ufogolf.lv\/en\/wp-json\/wp\/v2\/comments?post=16"}],"version-history":[{"count":41,"href":"https:\/\/ufogolf.lv\/en\/wp-json\/wp\/v2\/pages\/16\/revisions"}],"predecessor-version":[{"id":5171,"href":"https:\/\/ufogolf.lv\/en\/wp-json\/wp\/v2\/pages\/16\/revisions\/5171"}],"up":[{"embeddable":true,"href":"https:\/\/ufogolf.lv\/en\/wp-json\/wp\/v2\/pages\/5"}],"wp:featuredmedia":[{"embeddable":true,"href":"https:\/\/ufogolf.lv\/en\/wp-json\/wp\/v2\/media\/5156"}],"wp:attachment":[{"href":"https:\/\/ufogolf.lv\/en\/wp-json\/wp\/v2\/media?parent=16"}],"curies":[{"name":"wp","href":"https:\/\/api.w.org\/{rel}","templated":true}]}}