{"id":39,"date":"2013-05-14T11:45:16","date_gmt":"2013-05-14T08:45:16","guid":{"rendered":"https:\/\/ufogolf.lv\/?page_id=39"},"modified":"2020-01-24T15:23:31","modified_gmt":"2020-01-24T13:23:31","slug":"mobilais-ufogolf","status":"publish","type":"page","link":"https:\/\/ufogolf.lv\/en\/pakalpojumi\/mobilais-ufogolf\/","title":{"rendered":"Mobile UFOGOLF"},"content":{"rendered":"<p><\/p>\n<p><strong>You are looking for something else fresh and exciting?<\/strong><br \/>Then we definitely recommend that you try UFOGOLF \u2013 disc golf game. UFOGOLF is a great challenge for all skill levels \u2013 advanced disc golf players, frisbee enthusiasts or players try out the game for the first time only.<br \/>Try and get to know the UFOGOLF game\u00a0\u2013 anywhere in the Latvia, inviting us to you.<\/p>\n<hr \/>\n<p><strong>Write email with your questions info@ufogolf.lv<\/strong><\/p>\n<p><\/p>","protected":false},"excerpt":{"rendered":"<p>You are looking for something else fresh and exciting?Then we definitely recommend that you try UFOGOLF \u2013 disc golf game. UFOGOLF is a great challenge for all skill levels \u2013 advanced disc golf players, frisbee enthusiasts or players try out the game for the first time only.Try and get to know the UFOGOLF game\u00a0\u2013 anywhere&#8230;<\/p>\n","protected":false},"author":2,"featured_media":133,"parent":9,"menu_order":3,"comment_status":"open","ping_status":"closed","template":"","meta":{"_acf_changed":false,"footnotes":""},"class_list":["post-39","page","type-page","status-publish","has-post-thumbnail","hentry"],"acf":[],"yoast_head":"<!-- This site is optimized with the Yoast SEO plugin v24.6 - https:\/\/yoast.com\/wordpress\/plugins\/seo\/ -->\n<title>Mobile UFOGOLF - UFOGOLF<\/title>\n<meta name=\"description\" content=\"Mobilais Ufogolf var doties jebkur! J\u016bs pat nevarat iedom\u0101ties vietas, kur var\u0113tu sp\u0113l\u0113t disku golfu vai izm\u0113\u0123in\u0101t tuvo metienu aktivit\u0101ti. Uzziniet vair\u0101k!\" \/>\n<meta name=\"robots\" content=\"index, follow, max-snippet:-1, max-image-preview:large, max-video-preview:-1\" \/>\n<link rel=\"canonical\" href=\"https:\/\/ufogolf.lv\/pakalpojumi\/mobilais-ufogolf\/\" \/>\n<meta property=\"og:locale\" content=\"en_US\" \/>\n<meta property=\"og:type\" content=\"article\" \/>\n<meta property=\"og:title\" content=\"[:lv]Mobilais UFOGOLF[:en]Mobile UFOGOLF[:ru]M\u043e\u0431\u0438\u043b\u044c\u043d\u044b\u0439 UFOGOLF[:] - UFOGOLF\" \/>\n<meta property=\"og:description\" content=\"Mobilais Ufogolf var doties jebkur! J\u016bs pat nevarat iedom\u0101ties vietas, kur var\u0113tu sp\u0113l\u0113t disku golfu vai izm\u0113\u0123in\u0101t tuvo metienu aktivit\u0101ti. Uzziniet vair\u0101k!\" \/>\n<meta property=\"og:url\" content=\"https:\/\/ufogolf.lv\/pakalpojumi\/mobilais-ufogolf\/\" \/>\n<meta property=\"og:site_name\" content=\"UFOGOLF\" \/>\n<meta property=\"article:publisher\" content=\"https:\/\/facebook.com\/ufogolflatvija\" \/>\n<meta property=\"article:modified_time\" content=\"2020-01-24T13:23:31+00:00\" \/>\n<meta property=\"og:image\" content=\"https:\/\/ufogolf.lv\/wp-content\/uploads\/\/2013\/05\/jus_pie_mums_vai_mes_pie_jums.jpg\" \/>\n\t<meta property=\"og:image:width\" content=\"1024\" \/>\n\t<meta property=\"og:image:height\" content=\"500\" \/>\n\t<meta property=\"og:image:type\" content=\"image\/jpeg\" \/>\n<meta name=\"twitter:card\" content=\"summary_large_image\" \/>\n<meta name=\"twitter:label1\" content=\"Est. reading time\" \/>\n\t<meta name=\"twitter:data1\" content=\"1 minute\" \/>\n<script type=\"application\/ld+json\" class=\"yoast-schema-graph\">{\"@context\":\"https:\/\/schema.org\",\"@graph\":[{\"@type\":\"WebPage\",\"@id\":\"https:\/\/ufogolf.lv\/pakalpojumi\/mobilais-ufogolf\/\",\"url\":\"https:\/\/ufogolf.lv\/pakalpojumi\/mobilais-ufogolf\/\",\"name\":\"[:lv]Mobilais UFOGOLF[:en]Mobile UFOGOLF[:ru]M\u043e\u0431\u0438\u043b\u044c\u043d\u044b\u0439 UFOGOLF[:] - UFOGOLF\",\"isPartOf\":{\"@id\":\"https:\/\/ufogolf.lv\/#website\"},\"primaryImageOfPage\":{\"@id\":\"https:\/\/ufogolf.lv\/pakalpojumi\/mobilais-ufogolf\/#primaryimage\"},\"image\":{\"@id\":\"https:\/\/ufogolf.lv\/pakalpojumi\/mobilais-ufogolf\/#primaryimage\"},\"thumbnailUrl\":\"https:\/\/ufogolf.lv\/wp-content\/uploads\/\/2013\/05\/jus_pie_mums_vai_mes_pie_jums.jpg\",\"datePublished\":\"2013-05-14T08:45:16+00:00\",\"dateModified\":\"2020-01-24T13:23:31+00:00\",\"description\":\"Mobilais Ufogolf var doties jebkur! J\u016bs pat nevarat iedom\u0101ties vietas, kur var\u0113tu sp\u0113l\u0113t disku golfu vai izm\u0113\u0123in\u0101t tuvo metienu aktivit\u0101ti. Uzziniet vair\u0101k!\",\"breadcrumb\":{\"@id\":\"https:\/\/ufogolf.lv\/pakalpojumi\/mobilais-ufogolf\/#breadcrumb\"},\"inLanguage\":\"en-US\",\"potentialAction\":[{\"@type\":\"ReadAction\",\"target\":[\"https:\/\/ufogolf.lv\/pakalpojumi\/mobilais-ufogolf\/\"]}]},{\"@type\":\"ImageObject\",\"inLanguage\":\"en-US\",\"@id\":\"https:\/\/ufogolf.lv\/pakalpojumi\/mobilais-ufogolf\/#primaryimage\",\"url\":\"https:\/\/ufogolf.lv\/wp-content\/uploads\/\/2013\/05\/jus_pie_mums_vai_mes_pie_jums.jpg\",\"contentUrl\":\"https:\/\/ufogolf.lv\/wp-content\/uploads\/\/2013\/05\/jus_pie_mums_vai_mes_pie_jums.jpg\",\"width\":1024,\"height\":500},{\"@type\":\"BreadcrumbList\",\"@id\":\"https:\/\/ufogolf.lv\/pakalpojumi\/mobilais-ufogolf\/#breadcrumb\",\"itemListElement\":[{\"@type\":\"ListItem\",\"position\":1,\"name\":\"Home\",\"item\":\"https:\/\/ufogolf.lv\/\"},{\"@type\":\"ListItem\",\"position\":2,\"name\":\"Services\",\"item\":\"https:\/\/ufogolf.lv\/en\/pakalpojumi\/\"},{\"@type\":\"ListItem\",\"position\":3,\"name\":\"Mobilais UFOGOLF\"}]},{\"@type\":\"WebSite\",\"@id\":\"https:\/\/ufogolf.lv\/#website\",\"url\":\"https:\/\/ufogolf.lv\/\",\"name\":\"UFOGOLF\",\"description\":\"UFOGOLF disc golf and disc golf courses in Riga\",\"publisher\":{\"@id\":\"https:\/\/ufogolf.lv\/#organization\"},\"potentialAction\":[{\"@type\":\"SearchAction\",\"target\":{\"@type\":\"EntryPoint\",\"urlTemplate\":\"https:\/\/ufogolf.lv\/?s={search_term_string}\"},\"query-input\":{\"@type\":\"PropertyValueSpecification\",\"valueRequired\":true,\"valueName\":\"search_term_string\"}}],\"inLanguage\":\"en-US\"},{\"@type\":\"Organization\",\"@id\":\"https:\/\/ufogolf.lv\/#organization\",\"name\":\"Ufogolf Latvia\",\"alternateName\":\"Ufogolf Latvija\",\"url\":\"https:\/\/ufogolf.lv\/\",\"logo\":{\"@type\":\"ImageObject\",\"inLanguage\":\"en-US\",\"@id\":\"https:\/\/ufogolf.lv\/#\/schema\/logo\/image\/\",\"url\":\"https:\/\/ufogolf.lv\/wp-content\/uploads\/\/2021\/05\/ufogolf_logo_krasains.png\",\"contentUrl\":\"https:\/\/ufogolf.lv\/wp-content\/uploads\/\/2021\/05\/ufogolf_logo_krasains.png\",\"width\":182,\"height\":187,\"caption\":\"Ufogolf Latvia\"},\"image\":{\"@id\":\"https:\/\/ufogolf.lv\/#\/schema\/logo\/image\/\"},\"sameAs\":[\"https:\/\/facebook.com\/ufogolflatvija\",\"https:\/\/www.instagram.com\/ufogolf\",\"https:\/\/www.linkedin.com\/company\/ufogolf-latvija\",\"https:\/\/www.youtube.com\/user\/ufogolflatvija\"]}]}<\/script>\n<!-- \/ Yoast SEO plugin. -->","yoast_head_json":{"title":"[:lv]Mobilais UFOGOLF[:en]Mobile UFOGOLF[:ru]M\u043e\u0431\u0438\u043b\u044c\u043d\u044b\u0439 UFOGOLF[:] - UFOGOLF","description":"Mobilais Ufogolf var doties jebkur! J\u016bs pat nevarat iedom\u0101ties vietas, kur var\u0113tu sp\u0113l\u0113t disku golfu vai izm\u0113\u0123in\u0101t tuvo metienu aktivit\u0101ti. Uzziniet vair\u0101k!","robots":{"index":"index","follow":"follow","max-snippet":"max-snippet:-1","max-image-preview":"max-image-preview:large","max-video-preview":"max-video-preview:-1"},"canonical":"https:\/\/ufogolf.lv\/pakalpojumi\/mobilais-ufogolf\/","og_locale":"en_US","og_type":"article","og_title":"[:lv]Mobilais UFOGOLF[:en]Mobile UFOGOLF[:ru]M\u043e\u0431\u0438\u043b\u044c\u043d\u044b\u0439 UFOGOLF[:] - UFOGOLF","og_description":"Mobilais Ufogolf var doties jebkur! J\u016bs pat nevarat iedom\u0101ties vietas, kur var\u0113tu sp\u0113l\u0113t disku golfu vai izm\u0113\u0123in\u0101t tuvo metienu aktivit\u0101ti. Uzziniet vair\u0101k!","og_url":"https:\/\/ufogolf.lv\/pakalpojumi\/mobilais-ufogolf\/","og_site_name":"UFOGOLF","article_publisher":"https:\/\/facebook.com\/ufogolflatvija","article_modified_time":"2020-01-24T13:23:31+00:00","og_image":[{"width":1024,"height":500,"url":"https:\/\/ufogolf.lv\/wp-content\/uploads\/\/2013\/05\/jus_pie_mums_vai_mes_pie_jums.jpg","type":"image\/jpeg"}],"twitter_card":"summary_large_image","twitter_misc":{"Est. reading time":"1 minute"},"schema":{"@context":"https:\/\/schema.org","@graph":[{"@type":"WebPage","@id":"https:\/\/ufogolf.lv\/pakalpojumi\/mobilais-ufogolf\/","url":"https:\/\/ufogolf.lv\/pakalpojumi\/mobilais-ufogolf\/","name":"[:lv]Mobilais UFOGOLF[:en]Mobile UFOGOLF[:ru]M\u043e\u0431\u0438\u043b\u044c\u043d\u044b\u0439 UFOGOLF[:] - UFOGOLF","isPartOf":{"@id":"https:\/\/ufogolf.lv\/#website"},"primaryImageOfPage":{"@id":"https:\/\/ufogolf.lv\/pakalpojumi\/mobilais-ufogolf\/#primaryimage"},"image":{"@id":"https:\/\/ufogolf.lv\/pakalpojumi\/mobilais-ufogolf\/#primaryimage"},"thumbnailUrl":"https:\/\/ufogolf.lv\/wp-content\/uploads\/\/2013\/05\/jus_pie_mums_vai_mes_pie_jums.jpg","datePublished":"2013-05-14T08:45:16+00:00","dateModified":"2020-01-24T13:23:31+00:00","description":"Mobilais Ufogolf var doties jebkur! J\u016bs pat nevarat iedom\u0101ties vietas, kur var\u0113tu sp\u0113l\u0113t disku golfu vai izm\u0113\u0123in\u0101t tuvo metienu aktivit\u0101ti. Uzziniet vair\u0101k!","breadcrumb":{"@id":"https:\/\/ufogolf.lv\/pakalpojumi\/mobilais-ufogolf\/#breadcrumb"},"inLanguage":"en-US","potentialAction":[{"@type":"ReadAction","target":["https:\/\/ufogolf.lv\/pakalpojumi\/mobilais-ufogolf\/"]}]},{"@type":"ImageObject","inLanguage":"en-US","@id":"https:\/\/ufogolf.lv\/pakalpojumi\/mobilais-ufogolf\/#primaryimage","url":"https:\/\/ufogolf.lv\/wp-content\/uploads\/\/2013\/05\/jus_pie_mums_vai_mes_pie_jums.jpg","contentUrl":"https:\/\/ufogolf.lv\/wp-content\/uploads\/\/2013\/05\/jus_pie_mums_vai_mes_pie_jums.jpg","width":1024,"height":500},{"@type":"BreadcrumbList","@id":"https:\/\/ufogolf.lv\/pakalpojumi\/mobilais-ufogolf\/#breadcrumb","itemListElement":[{"@type":"ListItem","position":1,"name":"Home","item":"https:\/\/ufogolf.lv\/"},{"@type":"ListItem","position":2,"name":"Services","item":"https:\/\/ufogolf.lv\/en\/pakalpojumi\/"},{"@type":"ListItem","position":3,"name":"Mobilais UFOGOLF"}]},{"@type":"WebSite","@id":"https:\/\/ufogolf.lv\/#website","url":"https:\/\/ufogolf.lv\/","name":"UFOGOLF","description":"UFOGOLF disc golf and disc golf courses in Riga","publisher":{"@id":"https:\/\/ufogolf.lv\/#organization"},"potentialAction":[{"@type":"SearchAction","target":{"@type":"EntryPoint","urlTemplate":"https:\/\/ufogolf.lv\/?s={search_term_string}"},"query-input":{"@type":"PropertyValueSpecification","valueRequired":true,"valueName":"search_term_string"}}],"inLanguage":"en-US"},{"@type":"Organization","@id":"https:\/\/ufogolf.lv\/#organization","name":"Ufogolf Latvia","alternateName":"Ufogolf Latvija","url":"https:\/\/ufogolf.lv\/","logo":{"@type":"ImageObject","inLanguage":"en-US","@id":"https:\/\/ufogolf.lv\/#\/schema\/logo\/image\/","url":"https:\/\/ufogolf.lv\/wp-content\/uploads\/\/2021\/05\/ufogolf_logo_krasains.png","contentUrl":"https:\/\/ufogolf.lv\/wp-content\/uploads\/\/2021\/05\/ufogolf_logo_krasains.png","width":182,"height":187,"caption":"Ufogolf Latvia"},"image":{"@id":"https:\/\/ufogolf.lv\/#\/schema\/logo\/image\/"},"sameAs":["https:\/\/facebook.com\/ufogolflatvija","https:\/\/www.instagram.com\/ufogolf","https:\/\/www.linkedin.com\/company\/ufogolf-latvija","https:\/\/www.youtube.com\/user\/ufogolflatvija"]}]}},"_links":{"self":[{"href":"https:\/\/ufogolf.lv\/en\/wp-json\/wp\/v2\/pages\/39","targetHints":{"allow":["GET"]}}],"collection":[{"href":"https:\/\/ufogolf.lv\/en\/wp-json\/wp\/v2\/pages"}],"about":[{"href":"https:\/\/ufogolf.lv\/en\/wp-json\/wp\/v2\/types\/page"}],"author":[{"embeddable":true,"href":"https:\/\/ufogolf.lv\/en\/wp-json\/wp\/v2\/users\/2"}],"replies":[{"embeddable":true,"href":"https:\/\/ufogolf.lv\/en\/wp-json\/wp\/v2\/comments?post=39"}],"version-history":[{"count":41,"href":"https:\/\/ufogolf.lv\/en\/wp-json\/wp\/v2\/pages\/39\/revisions"}],"predecessor-version":[{"id":4696,"href":"https:\/\/ufogolf.lv\/en\/wp-json\/wp\/v2\/pages\/39\/revisions\/4696"}],"up":[{"embeddable":true,"href":"https:\/\/ufogolf.lv\/en\/wp-json\/wp\/v2\/pages\/9"}],"wp:featuredmedia":[{"embeddable":true,"href":"https:\/\/ufogolf.lv\/en\/wp-json\/wp\/v2\/media\/133"}],"wp:attachment":[{"href":"https:\/\/ufogolf.lv\/en\/wp-json\/wp\/v2\/media?parent=39"}],"curies":[{"name":"wp","href":"https:\/\/api.w.org\/{rel}","templated":true}]}}