{"id":415,"date":"2013-08-14T16:14:33","date_gmt":"2013-08-14T13:14:33","guid":{"rendered":"https:\/\/ufogolf.lv\/?page_id=415"},"modified":"2024-01-26T13:06:45","modified_gmt":"2024-01-26T11:06:45","slug":"pasakumu-rikosana","status":"publish","type":"page","link":"https:\/\/ufogolf.lv\/en\/pakalpojumi\/pasakumu-rikosana\/","title":{"rendered":"Events"},"content":{"rendered":"<p>You do not know what to do with a new co-workers or friends? We offer an active and interesting spend time playing disc golf in Mezaparks Riga and throughout the Latvia!<\/p>\n<div class=\"grid-x grid-margin-x\">\n            <div class=\"cell medium-4\">\n                <div class=\"gallery-image-wrap\">\n                    <a href=\"https:\/\/ufogolf.lv\/wp-content\/uploads\/\/2013\/08\/11927459_490000131168130_6521939560229477704_o-e1473070652272-1024x636.jpg\" class=\"gallery-image\" data-group=\"gallery-2\">\n                        <img decoding=\"async\" src=\"https:\/\/ufogolf.lv\/wp-content\/uploads\/\/2013\/08\/11927459_490000131168130_6521939560229477704_o-e1473070652272-540x340.jpg\" alt=\"\" class=\"img-fluid\">\n                    <\/a>\n                <\/div>\n            <\/div>\n            <div class=\"cell medium-4\">\n                <div class=\"gallery-image-wrap\">\n                    <a href=\"https:\/\/ufogolf.lv\/wp-content\/uploads\/\/2013\/08\/10295926_554555091379300_2019082327856277511_o-e1473070673612-1024x620.jpg\" class=\"gallery-image\" data-group=\"gallery-2\">\n                        <img decoding=\"async\" src=\"https:\/\/ufogolf.lv\/wp-content\/uploads\/\/2013\/08\/10295926_554555091379300_2019082327856277511_o-e1473070673612-540x340.jpg\" alt=\"\" class=\"img-fluid\">\n                    <\/a>\n                <\/div>\n            <\/div>\n            <div class=\"cell medium-4\">\n                <div class=\"gallery-image-wrap\">\n                    <a href=\"https:\/\/ufogolf.lv\/wp-content\/uploads\/\/2013\/08\/13147803_577538375747638_6498998569876316022_o-e1473070692581-1024x632.jpg\" class=\"gallery-image\" data-group=\"gallery-2\">\n                        <img decoding=\"async\" src=\"https:\/\/ufogolf.lv\/wp-content\/uploads\/\/2013\/08\/13147803_577538375747638_6498998569876316022_o-e1473070692581-540x340.jpg\" alt=\"\" class=\"img-fluid\">\n                    <\/a>\n                <\/div>\n            <\/div>\n            <div class=\"cell medium-4\">\n                <div class=\"gallery-image-wrap\">\n                    <a href=\"https:\/\/ufogolf.lv\/wp-content\/uploads\/\/2013\/08\/13316946_584754145026061_2802878615016642964_o-1024x637.jpg\" class=\"gallery-image\" data-group=\"gallery-2\">\n                        <img decoding=\"async\" src=\"https:\/\/ufogolf.lv\/wp-content\/uploads\/\/2013\/08\/13316946_584754145026061_2802878615016642964_o-540x340.jpg\" alt=\"\" class=\"img-fluid\">\n                    <\/a>\n                <\/div>\n            <\/div>\n            <div class=\"cell medium-4\">\n                <div class=\"gallery-image-wrap\">\n                    <a href=\"https:\/\/ufogolf.lv\/wp-content\/uploads\/\/2013\/08\/13422450_589971557837653_822417923899012024_o-1024x585.jpg\" class=\"gallery-image\" data-group=\"gallery-2\">\n                        <img decoding=\"async\" src=\"https:\/\/ufogolf.lv\/wp-content\/uploads\/\/2013\/08\/13422450_589971557837653_822417923899012024_o-540x340.jpg\" alt=\"\" class=\"img-fluid\">\n                    <\/a>\n                <\/div>\n            <\/div>\n            <div class=\"cell medium-4\">\n                <div class=\"gallery-image-wrap\">\n                    <a href=\"https:\/\/ufogolf.lv\/wp-content\/uploads\/\/2013\/08\/12957445_565924410242368_3357731144036696497_o-1024x525.jpg\" class=\"gallery-image\" data-group=\"gallery-2\">\n                        <img decoding=\"async\" src=\"https:\/\/ufogolf.lv\/wp-content\/uploads\/\/2013\/08\/12957445_565924410242368_3357731144036696497_o-540x340.jpg\" alt=\"\" class=\"img-fluid\">\n                    <\/a>\n                <\/div>\n            <\/div>\n            <div class=\"cell medium-4\">\n                <div class=\"gallery-image-wrap\">\n                    <a href=\"https:\/\/ufogolf.lv\/wp-content\/uploads\/\/2013\/08\/Jurmalas-maratons-sacensibu-laika-UFOGOLF-2015.jpg\" class=\"gallery-image\" data-group=\"gallery-2\">\n                        <img decoding=\"async\" src=\"https:\/\/ufogolf.lv\/wp-content\/uploads\/\/2013\/08\/Jurmalas-maratons-sacensibu-laika-UFOGOLF-2015-540x340.jpg\" alt=\"\" class=\"img-fluid\">\n                    <\/a>\n                <\/div>\n            <\/div>\n            <div class=\"cell medium-4\">\n                <div class=\"gallery-image-wrap\">\n                    <a href=\"https:\/\/ufogolf.lv\/wp-content\/uploads\/\/2013\/08\/13558742_1081613168599331_3933030751097700111_o-1024x576.jpg\" class=\"gallery-image\" data-group=\"gallery-2\">\n                        <img decoding=\"async\" src=\"https:\/\/ufogolf.lv\/wp-content\/uploads\/\/2013\/08\/13558742_1081613168599331_3933030751097700111_o-540x340.jpg\" alt=\"\" class=\"img-fluid\">\n                    <\/a>\n                <\/div>\n            <\/div>\n            <div class=\"cell medium-4\">\n                <div class=\"gallery-image-wrap\">\n                    <a href=\"https:\/\/ufogolf.lv\/wp-content\/uploads\/\/2016\/07\/GOPR1652-e1473070741916-1024x645.jpg\" class=\"gallery-image\" data-group=\"gallery-2\">\n                        <img decoding=\"async\" src=\"https:\/\/ufogolf.lv\/wp-content\/uploads\/\/2016\/07\/GOPR1652-e1473070741916-540x340.jpg\" alt=\"\" class=\"img-fluid\">\n                    <\/a>\n                <\/div>\n            <\/div>\n            <div class=\"cell medium-4\">\n                <div class=\"gallery-image-wrap\">\n                    <a href=\"https:\/\/ufogolf.lv\/wp-content\/uploads\/\/2015\/11\/DSC06156-e1476195584642-1024x648.jpg\" class=\"gallery-image\" data-group=\"gallery-2\">\n                        <img decoding=\"async\" src=\"https:\/\/ufogolf.lv\/wp-content\/uploads\/\/2015\/11\/DSC06156-e1476195584642-540x340.jpg\" alt=\"\" class=\"img-fluid\">\n                    <\/a>\n                <\/div>\n            <\/div>\n            <div class=\"cell medium-4\">\n                <div class=\"gallery-image-wrap\">\n                    <a href=\"https:\/\/ufogolf.lv\/wp-content\/uploads\/\/2015\/04\/DSC_15231-e1473070768472-1024x604.jpg\" class=\"gallery-image\" data-group=\"gallery-2\">\n                        <img decoding=\"async\" src=\"https:\/\/ufogolf.lv\/wp-content\/uploads\/\/2015\/04\/DSC_15231-e1473070768472-540x340.jpg\" alt=\"\" class=\"img-fluid\">\n                    <\/a>\n                <\/div>\n            <\/div>\n            <div class=\"cell medium-4\">\n                <div class=\"gallery-image-wrap\">\n                    <a href=\"https:\/\/ufogolf.lv\/wp-content\/uploads\/\/2014\/11\/ZZ-cempionata-finals-Ufogolf-disku-golfs-arena-riga-31.05.2014-22-e1473070791257-1024x671.jpg\" class=\"gallery-image\" data-group=\"gallery-2\">\n                        <img decoding=\"async\" src=\"https:\/\/ufogolf.lv\/wp-content\/uploads\/\/2014\/11\/ZZ-cempionata-finals-Ufogolf-disku-golfs-arena-riga-31.05.2014-22-e1473070791257-540x340.jpg\" alt=\"\" class=\"img-fluid\">\n                    <\/a>\n                <\/div>\n            <\/div>\n            <div class=\"cell medium-4\">\n                <div class=\"gallery-image-wrap\">\n                    <a href=\"https:\/\/ufogolf.lv\/wp-content\/uploads\/\/2014\/11\/phoca_thumb_l_picture-254-e1473070810433.jpg\" class=\"gallery-image\" data-group=\"gallery-2\">\n                        <img decoding=\"async\" src=\"https:\/\/ufogolf.lv\/wp-content\/uploads\/\/2014\/11\/phoca_thumb_l_picture-254-e1473070810433.jpg\" alt=\"\" class=\"img-fluid\">\n                    <\/a>\n                <\/div>\n            <\/div>\n            <div class=\"cell medium-4\">\n                <div class=\"gallery-image-wrap\">\n                    <a href=\"https:\/\/ufogolf.lv\/wp-content\/uploads\/\/2014\/11\/DSC09450-1024x680.jpg\" class=\"gallery-image\" data-group=\"gallery-2\">\n                        <img decoding=\"async\" src=\"https:\/\/ufogolf.lv\/wp-content\/uploads\/\/2014\/11\/DSC09450-540x340.jpg\" alt=\"\" class=\"img-fluid\">\n                    <\/a>\n                <\/div>\n            <\/div>\n            <div class=\"cell medium-4\">\n                <div class=\"gallery-image-wrap\">\n                    <a href=\"https:\/\/ufogolf.lv\/wp-content\/uploads\/\/2014\/11\/Lieliska-Davana-klientu-pasakums-disku-golfs-mezaparka-2014-11.jpg\" class=\"gallery-image\" data-group=\"gallery-2\">\n                        <img decoding=\"async\" src=\"https:\/\/ufogolf.lv\/wp-content\/uploads\/\/2014\/11\/Lieliska-Davana-klientu-pasakums-disku-golfs-mezaparka-2014-11-540x340.jpg\" alt=\"\" class=\"img-fluid\">\n                    <\/a>\n                <\/div>\n            <\/div>\n            <div class=\"cell medium-4\">\n                <div class=\"gallery-image-wrap\">\n                    <a href=\"https:\/\/ufogolf.lv\/wp-content\/uploads\/\/2014\/11\/Lieliska-Davana-klientu-pasakums-disku-golfs-mezaparka-2014-1.jpg\" class=\"gallery-image\" data-group=\"gallery-2\">\n                        <img decoding=\"async\" src=\"https:\/\/ufogolf.lv\/wp-content\/uploads\/\/2014\/11\/Lieliska-Davana-klientu-pasakums-disku-golfs-mezaparka-2014-1-540x340.jpg\" alt=\"\" class=\"img-fluid\">\n                    <\/a>\n                <\/div>\n            <\/div>\n            <div class=\"cell medium-4\">\n                <div class=\"gallery-image-wrap\">\n                    <a href=\"https:\/\/ufogolf.lv\/wp-content\/uploads\/\/2014\/11\/DSC07369-1024x680.jpg\" class=\"gallery-image\" data-group=\"gallery-2\">\n                        <img decoding=\"async\" src=\"https:\/\/ufogolf.lv\/wp-content\/uploads\/\/2014\/11\/DSC07369-540x340.jpg\" alt=\"\" class=\"img-fluid\">\n                    <\/a>\n                <\/div>\n            <\/div>\n            <div class=\"cell medium-4\">\n                <div class=\"gallery-image-wrap\">\n                    <a href=\"https:\/\/ufogolf.lv\/wp-content\/uploads\/\/2014\/11\/1654736_218749311649192_1211683202_o-1024x683.jpg\" class=\"gallery-image\" data-group=\"gallery-2\">\n                        <img decoding=\"async\" src=\"https:\/\/ufogolf.lv\/wp-content\/uploads\/\/2014\/11\/1654736_218749311649192_1211683202_o-540x340.jpg\" alt=\"\" class=\"img-fluid\">\n                    <\/a>\n                <\/div>\n            <\/div><\/div>\n<p style=\"text-align: center;\"><strong>See you soon in disc golf course!<\/strong><\/p>\n<p><\/p>","protected":false},"excerpt":{"rendered":"<p>You do not know what to do with a new co-workers or friends? We offer an active and interesting spend time playing disc golf in Mezaparks Riga and throughout the Latvia! See you soon in disc golf course!<\/p>\n","protected":false},"author":2,"featured_media":1052,"parent":9,"menu_order":2,"comment_status":"open","ping_status":"closed","template":"","meta":{"_acf_changed":false,"footnotes":""},"class_list":["post-415","page","type-page","status-publish","has-post-thumbnail","hentry"],"acf":[],"yoast_head":"<!-- This site is optimized with the Yoast SEO plugin v24.6 - https:\/\/yoast.com\/wordpress\/plugins\/seo\/ -->\n<title>Events - UFOGOLF<\/title>\n<meta name=\"description\" content=\"Korporat\u012bvo pas\u0101kumu organiz\u0113\u0161ana darba kolekt\u012bviem (ar\u012b sporta pas\u0101kuma ietvaros), draugu grup\u0101m un \u0123imen\u0113m. Tepat R\u012bg\u0101 ir lieliska atp\u016btas vieta!\" \/>\n<meta name=\"robots\" content=\"index, follow, max-snippet:-1, max-image-preview:large, max-video-preview:-1\" \/>\n<link rel=\"canonical\" href=\"https:\/\/ufogolf.lv\/pakalpojumi\/pasakumu-rikosana\/\" \/>\n<meta property=\"og:locale\" content=\"en_US\" \/>\n<meta property=\"og:type\" content=\"article\" \/>\n<meta property=\"og:title\" content=\"[:lv]Pas\u0101kumu r\u012bko\u0161ana[:en]Events[:ru]M\u0435\u0440\u043e\u043f\u0440\u0438\u044f\u0442\u0438\u0439[:] - UFOGOLF\" \/>\n<meta property=\"og:description\" content=\"Korporat\u012bvo pas\u0101kumu organiz\u0113\u0161ana darba kolekt\u012bviem (ar\u012b sporta pas\u0101kuma ietvaros), draugu grup\u0101m un \u0123imen\u0113m. Tepat R\u012bg\u0101 ir lieliska atp\u016btas vieta!\" \/>\n<meta property=\"og:url\" content=\"https:\/\/ufogolf.lv\/pakalpojumi\/pasakumu-rikosana\/\" \/>\n<meta property=\"og:site_name\" content=\"UFOGOLF\" \/>\n<meta property=\"article:publisher\" content=\"https:\/\/facebook.com\/ufogolflatvija\" \/>\n<meta property=\"article:modified_time\" content=\"2024-01-26T11:06:45+00:00\" \/>\n<meta property=\"og:image\" content=\"https:\/\/ufogolf.lv\/wp-content\/uploads\/\/2014\/11\/ZZ-cempionata-finals-Ufogolf-disku-golfs-arena-riga-31.05.2014-12-e1473068349446.jpg\" \/>\n\t<meta property=\"og:image:width\" content=\"1600\" \/>\n\t<meta property=\"og:image:height\" content=\"736\" \/>\n\t<meta property=\"og:image:type\" content=\"image\/jpeg\" \/>\n<meta name=\"twitter:card\" content=\"summary_large_image\" \/>\n<meta name=\"twitter:label1\" content=\"Est. reading time\" \/>\n\t<meta name=\"twitter:data1\" content=\"1 minute\" \/>\n<script type=\"application\/ld+json\" class=\"yoast-schema-graph\">{\"@context\":\"https:\/\/schema.org\",\"@graph\":[{\"@type\":\"WebPage\",\"@id\":\"https:\/\/ufogolf.lv\/pakalpojumi\/pasakumu-rikosana\/\",\"url\":\"https:\/\/ufogolf.lv\/pakalpojumi\/pasakumu-rikosana\/\",\"name\":\"[:lv]Pas\u0101kumu r\u012bko\u0161ana[:en]Events[:ru]M\u0435\u0440\u043e\u043f\u0440\u0438\u044f\u0442\u0438\u0439[:] - UFOGOLF\",\"isPartOf\":{\"@id\":\"https:\/\/ufogolf.lv\/#website\"},\"primaryImageOfPage\":{\"@id\":\"https:\/\/ufogolf.lv\/pakalpojumi\/pasakumu-rikosana\/#primaryimage\"},\"image\":{\"@id\":\"https:\/\/ufogolf.lv\/pakalpojumi\/pasakumu-rikosana\/#primaryimage\"},\"thumbnailUrl\":\"https:\/\/ufogolf.lv\/wp-content\/uploads\/\/2014\/11\/ZZ-cempionata-finals-Ufogolf-disku-golfs-arena-riga-31.05.2014-12-e1473068349446.jpg\",\"datePublished\":\"2013-08-14T13:14:33+00:00\",\"dateModified\":\"2024-01-26T11:06:45+00:00\",\"description\":\"Korporat\u012bvo pas\u0101kumu organiz\u0113\u0161ana darba kolekt\u012bviem (ar\u012b sporta pas\u0101kuma ietvaros), draugu grup\u0101m un \u0123imen\u0113m. Tepat R\u012bg\u0101 ir lieliska atp\u016btas vieta!\",\"breadcrumb\":{\"@id\":\"https:\/\/ufogolf.lv\/pakalpojumi\/pasakumu-rikosana\/#breadcrumb\"},\"inLanguage\":\"en-US\",\"potentialAction\":[{\"@type\":\"ReadAction\",\"target\":[\"https:\/\/ufogolf.lv\/pakalpojumi\/pasakumu-rikosana\/\"]}]},{\"@type\":\"ImageObject\",\"inLanguage\":\"en-US\",\"@id\":\"https:\/\/ufogolf.lv\/pakalpojumi\/pasakumu-rikosana\/#primaryimage\",\"url\":\"https:\/\/ufogolf.lv\/wp-content\/uploads\/\/2014\/11\/ZZ-cempionata-finals-Ufogolf-disku-golfs-arena-riga-31.05.2014-12-e1473068349446.jpg\",\"contentUrl\":\"https:\/\/ufogolf.lv\/wp-content\/uploads\/\/2014\/11\/ZZ-cempionata-finals-Ufogolf-disku-golfs-arena-riga-31.05.2014-12-e1473068349446.jpg\",\"width\":1600,\"height\":736,\"caption\":\"Disku golfa grozs ar sp\u0113l\u0113t\u0101jiem kas tur diskus rok\u0101s pie Arenas R\u012bga\"},{\"@type\":\"BreadcrumbList\",\"@id\":\"https:\/\/ufogolf.lv\/pakalpojumi\/pasakumu-rikosana\/#breadcrumb\",\"itemListElement\":[{\"@type\":\"ListItem\",\"position\":1,\"name\":\"Home\",\"item\":\"https:\/\/ufogolf.lv\/\"},{\"@type\":\"ListItem\",\"position\":2,\"name\":\"Services\",\"item\":\"https:\/\/ufogolf.lv\/en\/pakalpojumi\/\"},{\"@type\":\"ListItem\",\"position\":3,\"name\":\"Pas\u0101kumu r\u012bko\u0161ana\"}]},{\"@type\":\"WebSite\",\"@id\":\"https:\/\/ufogolf.lv\/#website\",\"url\":\"https:\/\/ufogolf.lv\/\",\"name\":\"UFOGOLF\",\"description\":\"UFOGOLF disc golf and disc golf courses in Riga\",\"publisher\":{\"@id\":\"https:\/\/ufogolf.lv\/#organization\"},\"potentialAction\":[{\"@type\":\"SearchAction\",\"target\":{\"@type\":\"EntryPoint\",\"urlTemplate\":\"https:\/\/ufogolf.lv\/?s={search_term_string}\"},\"query-input\":{\"@type\":\"PropertyValueSpecification\",\"valueRequired\":true,\"valueName\":\"search_term_string\"}}],\"inLanguage\":\"en-US\"},{\"@type\":\"Organization\",\"@id\":\"https:\/\/ufogolf.lv\/#organization\",\"name\":\"Ufogolf Latvia\",\"alternateName\":\"Ufogolf Latvija\",\"url\":\"https:\/\/ufogolf.lv\/\",\"logo\":{\"@type\":\"ImageObject\",\"inLanguage\":\"en-US\",\"@id\":\"https:\/\/ufogolf.lv\/#\/schema\/logo\/image\/\",\"url\":\"https:\/\/ufogolf.lv\/wp-content\/uploads\/\/2021\/05\/ufogolf_logo_krasains.png\",\"contentUrl\":\"https:\/\/ufogolf.lv\/wp-content\/uploads\/\/2021\/05\/ufogolf_logo_krasains.png\",\"width\":182,\"height\":187,\"caption\":\"Ufogolf Latvia\"},\"image\":{\"@id\":\"https:\/\/ufogolf.lv\/#\/schema\/logo\/image\/\"},\"sameAs\":[\"https:\/\/facebook.com\/ufogolflatvija\",\"https:\/\/www.instagram.com\/ufogolf\",\"https:\/\/www.linkedin.com\/company\/ufogolf-latvija\",\"https:\/\/www.youtube.com\/user\/ufogolflatvija\"]}]}<\/script>\n<!-- \/ Yoast SEO plugin. -->","yoast_head_json":{"title":"[:lv]Pas\u0101kumu r\u012bko\u0161ana[:en]Events[:ru]M\u0435\u0440\u043e\u043f\u0440\u0438\u044f\u0442\u0438\u0439[:] - UFOGOLF","description":"Korporat\u012bvo pas\u0101kumu organiz\u0113\u0161ana darba kolekt\u012bviem (ar\u012b sporta pas\u0101kuma ietvaros), draugu grup\u0101m un \u0123imen\u0113m. Tepat R\u012bg\u0101 ir lieliska atp\u016btas vieta!","robots":{"index":"index","follow":"follow","max-snippet":"max-snippet:-1","max-image-preview":"max-image-preview:large","max-video-preview":"max-video-preview:-1"},"canonical":"https:\/\/ufogolf.lv\/pakalpojumi\/pasakumu-rikosana\/","og_locale":"en_US","og_type":"article","og_title":"[:lv]Pas\u0101kumu r\u012bko\u0161ana[:en]Events[:ru]M\u0435\u0440\u043e\u043f\u0440\u0438\u044f\u0442\u0438\u0439[:] - UFOGOLF","og_description":"Korporat\u012bvo pas\u0101kumu organiz\u0113\u0161ana darba kolekt\u012bviem (ar\u012b sporta pas\u0101kuma ietvaros), draugu grup\u0101m un \u0123imen\u0113m. Tepat R\u012bg\u0101 ir lieliska atp\u016btas vieta!","og_url":"https:\/\/ufogolf.lv\/pakalpojumi\/pasakumu-rikosana\/","og_site_name":"UFOGOLF","article_publisher":"https:\/\/facebook.com\/ufogolflatvija","article_modified_time":"2024-01-26T11:06:45+00:00","og_image":[{"width":1600,"height":736,"url":"https:\/\/ufogolf.lv\/wp-content\/uploads\/\/2014\/11\/ZZ-cempionata-finals-Ufogolf-disku-golfs-arena-riga-31.05.2014-12-e1473068349446.jpg","type":"image\/jpeg"}],"twitter_card":"summary_large_image","twitter_misc":{"Est. reading time":"1 minute"},"schema":{"@context":"https:\/\/schema.org","@graph":[{"@type":"WebPage","@id":"https:\/\/ufogolf.lv\/pakalpojumi\/pasakumu-rikosana\/","url":"https:\/\/ufogolf.lv\/pakalpojumi\/pasakumu-rikosana\/","name":"[:lv]Pas\u0101kumu r\u012bko\u0161ana[:en]Events[:ru]M\u0435\u0440\u043e\u043f\u0440\u0438\u044f\u0442\u0438\u0439[:] - UFOGOLF","isPartOf":{"@id":"https:\/\/ufogolf.lv\/#website"},"primaryImageOfPage":{"@id":"https:\/\/ufogolf.lv\/pakalpojumi\/pasakumu-rikosana\/#primaryimage"},"image":{"@id":"https:\/\/ufogolf.lv\/pakalpojumi\/pasakumu-rikosana\/#primaryimage"},"thumbnailUrl":"https:\/\/ufogolf.lv\/wp-content\/uploads\/\/2014\/11\/ZZ-cempionata-finals-Ufogolf-disku-golfs-arena-riga-31.05.2014-12-e1473068349446.jpg","datePublished":"2013-08-14T13:14:33+00:00","dateModified":"2024-01-26T11:06:45+00:00","description":"Korporat\u012bvo pas\u0101kumu organiz\u0113\u0161ana darba kolekt\u012bviem (ar\u012b sporta pas\u0101kuma ietvaros), draugu grup\u0101m un \u0123imen\u0113m. Tepat R\u012bg\u0101 ir lieliska atp\u016btas vieta!","breadcrumb":{"@id":"https:\/\/ufogolf.lv\/pakalpojumi\/pasakumu-rikosana\/#breadcrumb"},"inLanguage":"en-US","potentialAction":[{"@type":"ReadAction","target":["https:\/\/ufogolf.lv\/pakalpojumi\/pasakumu-rikosana\/"]}]},{"@type":"ImageObject","inLanguage":"en-US","@id":"https:\/\/ufogolf.lv\/pakalpojumi\/pasakumu-rikosana\/#primaryimage","url":"https:\/\/ufogolf.lv\/wp-content\/uploads\/\/2014\/11\/ZZ-cempionata-finals-Ufogolf-disku-golfs-arena-riga-31.05.2014-12-e1473068349446.jpg","contentUrl":"https:\/\/ufogolf.lv\/wp-content\/uploads\/\/2014\/11\/ZZ-cempionata-finals-Ufogolf-disku-golfs-arena-riga-31.05.2014-12-e1473068349446.jpg","width":1600,"height":736,"caption":"Disku golfa grozs ar sp\u0113l\u0113t\u0101jiem kas tur diskus rok\u0101s pie Arenas R\u012bga"},{"@type":"BreadcrumbList","@id":"https:\/\/ufogolf.lv\/pakalpojumi\/pasakumu-rikosana\/#breadcrumb","itemListElement":[{"@type":"ListItem","position":1,"name":"Home","item":"https:\/\/ufogolf.lv\/"},{"@type":"ListItem","position":2,"name":"Services","item":"https:\/\/ufogolf.lv\/en\/pakalpojumi\/"},{"@type":"ListItem","position":3,"name":"Pas\u0101kumu r\u012bko\u0161ana"}]},{"@type":"WebSite","@id":"https:\/\/ufogolf.lv\/#website","url":"https:\/\/ufogolf.lv\/","name":"UFOGOLF","description":"UFOGOLF disc golf and disc golf courses in Riga","publisher":{"@id":"https:\/\/ufogolf.lv\/#organization"},"potentialAction":[{"@type":"SearchAction","target":{"@type":"EntryPoint","urlTemplate":"https:\/\/ufogolf.lv\/?s={search_term_string}"},"query-input":{"@type":"PropertyValueSpecification","valueRequired":true,"valueName":"search_term_string"}}],"inLanguage":"en-US"},{"@type":"Organization","@id":"https:\/\/ufogolf.lv\/#organization","name":"Ufogolf Latvia","alternateName":"Ufogolf Latvija","url":"https:\/\/ufogolf.lv\/","logo":{"@type":"ImageObject","inLanguage":"en-US","@id":"https:\/\/ufogolf.lv\/#\/schema\/logo\/image\/","url":"https:\/\/ufogolf.lv\/wp-content\/uploads\/\/2021\/05\/ufogolf_logo_krasains.png","contentUrl":"https:\/\/ufogolf.lv\/wp-content\/uploads\/\/2021\/05\/ufogolf_logo_krasains.png","width":182,"height":187,"caption":"Ufogolf Latvia"},"image":{"@id":"https:\/\/ufogolf.lv\/#\/schema\/logo\/image\/"},"sameAs":["https:\/\/facebook.com\/ufogolflatvija","https:\/\/www.instagram.com\/ufogolf","https:\/\/www.linkedin.com\/company\/ufogolf-latvija","https:\/\/www.youtube.com\/user\/ufogolflatvija"]}]}},"_links":{"self":[{"href":"https:\/\/ufogolf.lv\/en\/wp-json\/wp\/v2\/pages\/415","targetHints":{"allow":["GET"]}}],"collection":[{"href":"https:\/\/ufogolf.lv\/en\/wp-json\/wp\/v2\/pages"}],"about":[{"href":"https:\/\/ufogolf.lv\/en\/wp-json\/wp\/v2\/types\/page"}],"author":[{"embeddable":true,"href":"https:\/\/ufogolf.lv\/en\/wp-json\/wp\/v2\/users\/2"}],"replies":[{"embeddable":true,"href":"https:\/\/ufogolf.lv\/en\/wp-json\/wp\/v2\/comments?post=415"}],"version-history":[{"count":30,"href":"https:\/\/ufogolf.lv\/en\/wp-json\/wp\/v2\/pages\/415\/revisions"}],"predecessor-version":[{"id":4588,"href":"https:\/\/ufogolf.lv\/en\/wp-json\/wp\/v2\/pages\/415\/revisions\/4588"}],"up":[{"embeddable":true,"href":"https:\/\/ufogolf.lv\/en\/wp-json\/wp\/v2\/pages\/9"}],"wp:featuredmedia":[{"embeddable":true,"href":"https:\/\/ufogolf.lv\/en\/wp-json\/wp\/v2\/media\/1052"}],"wp:attachment":[{"href":"https:\/\/ufogolf.lv\/en\/wp-json\/wp\/v2\/media?parent=415"}],"curies":[{"name":"wp","href":"https:\/\/api.w.org\/{rel}","templated":true}]}}