{"id":5206,"date":"2024-10-18T22:29:03","date_gmt":"2024-10-18T19:29:03","guid":{"rendered":"https:\/\/ufogolf.lv\/?page_id=5206"},"modified":"2025-04-15T07:38:40","modified_gmt":"2025-04-15T04:38:40","slug":"zakusala","status":"publish","type":"page","link":"https:\/\/ufogolf.lv\/en\/ufogolf\/zakusala\/","title":{"rendered":"Zakusala"},"content":{"rendered":"<p><\/p>\n<h3 style=\"text-align: center;\">Zakusala DiscGolfPark<\/h3>\n<p><img loading=\"lazy\" decoding=\"async\" class=\"alignnone wp-image-5207 size-large\" src=\"https:\/\/ufogolf.lv\/wp-content\/uploads\/\/2024\/10\/Zakusala-Disc-Golf-Park-2024-plan-23.09.2024-small-1024x683.png\" alt=\"\" width=\"1024\" height=\"683\" srcset=\"https:\/\/ufogolf.lv\/wp-content\/uploads\/2024\/10\/Zakusala-Disc-Golf-Park-2024-plan-23.09.2024-small-1024x683.png 1024w, https:\/\/ufogolf.lv\/wp-content\/uploads\/2024\/10\/Zakusala-Disc-Golf-Park-2024-plan-23.09.2024-small-300x200.png 300w, https:\/\/ufogolf.lv\/wp-content\/uploads\/2024\/10\/Zakusala-Disc-Golf-Park-2024-plan-23.09.2024-small-150x100.png 150w, https:\/\/ufogolf.lv\/wp-content\/uploads\/2024\/10\/Zakusala-Disc-Golf-Park-2024-plan-23.09.2024-small-768x512.png 768w, https:\/\/ufogolf.lv\/wp-content\/uploads\/2024\/10\/Zakusala-Disc-Golf-Park-2024-plan-23.09.2024-small-1536x1024.png 1536w, https:\/\/ufogolf.lv\/wp-content\/uploads\/2024\/10\/Zakusala-Disc-Golf-Park-2024-plan-23.09.2024-small-1140x760.png 1140w, https:\/\/ufogolf.lv\/wp-content\/uploads\/2024\/10\/Zakusala-Disc-Golf-Park-2024-plan-23.09.2024-small-800x534.png 800w, https:\/\/ufogolf.lv\/wp-content\/uploads\/2024\/10\/Zakusala-Disc-Golf-Park-2024-plan-23.09.2024-small-600x400.png 600w, https:\/\/ufogolf.lv\/wp-content\/uploads\/2024\/10\/Zakusala-Disc-Golf-Park-2024-plan-23.09.2024-small.png 1600w\" sizes=\"auto, (max-width: 1024px) 100vw, 1024px\" \/><\/p>\n<div class=\"col-md-12\">\n<div class=\"col-md-6 col-xs-12\" style=\"text-align: center;\"><\/div>\n<\/div>\n<div style=\"text-align: center;\">\n<div>Disc golf park in Riga, Zakusala<\/div>\n<\/div>\n<p style=\"text-align: center;\"><a href=\"https:\/\/www.pdga.com\/course-directory\/course\/zakusala-disc-golf-park\">PDGA<\/a> , <a href=\"https:\/\/udisc.com\/courses\/zakusala-disc-golf-park-19lJ\">UDisc<\/a> , <a href=\"https:\/\/discgolfmetrix.com\/course\/40741\">Discgolfmetrix<\/a><\/p>\n<p>&nbsp;<\/p>\n<div style=\"position: relative; padding-top: max(60%,326px); height: 0; width: 100%;\"><iframe style=\"position: absolute; border: none; width: 100%; height: 100%; left: 0; right: 0; top: 0; bottom: 0;\" src=\"https:\/\/e.issuu.com\/embed.html?d=zakusala_dgp_2024_caddy_book&amp;u=ufogolf\" sandbox=\"allow-top-navigation allow-top-navigation-by-user-activation allow-downloads allow-scripts allow-same-origin allow-popups allow-modals allow-popups-to-escape-sandbox allow-forms\" allowfullscreen=\"allowfullscreen\"><\/iframe><\/div>\n<p>&nbsp;<br \/>\nZa\u0137usala<br \/>\n<iframe loading=\"lazy\" src=\"https:\/\/calendar.google.com\/calendar\/embed?height=600&#038;wkst=2&#038;ctz=Europe%2FRiga&#038;showPrint=0&#038;showTitle=0&#038;src=ZmFtaWx5MDMyMjA5NzYwNDIwNDc2NDIyMTdAZ3JvdXAuY2FsZW5kYXIuZ29vZ2xlLmNvbQ&#038;color=%23009688\" style=\"border:solid 1px #777\" width=\"1100\" height=\"600\" frameborder=\"0\" scrolling=\"no\"><\/iframe><br \/>\n&nbsp;<\/p>","protected":false},"excerpt":{"rendered":"<p>Zakusala DiscGolfPark Disc golf park in Riga, Zakusala PDGA , UDisc , Discgolfmetrix &nbsp; &nbsp; Za\u0137usala &nbsp;<\/p>\n","protected":false},"author":2,"featured_media":0,"parent":5,"menu_order":4,"comment_status":"open","ping_status":"open","template":"","meta":{"_acf_changed":false,"footnotes":""},"class_list":["post-5206","page","type-page","status-publish","hentry"],"acf":[],"yoast_head":"<!-- This site is optimized with the Yoast SEO plugin v24.6 - https:\/\/yoast.com\/wordpress\/plugins\/seo\/ -->\n<title>Zakusala - UFOGOLF<\/title>\n<meta name=\"description\" content=\"Disku Golfs tiek sp\u0113l\u0113ts uz speci\u0101li izb\u016bv\u0113tiem laukumiem dab\u0101. Laukuma pl\u0101ns parasti atrodas net\u0101lu no pirm\u0101 celi\u0146a un par\u0101da visu nepiecie\u0161amo inform\u0101ciju\" \/>\n<meta name=\"robots\" content=\"index, follow, max-snippet:-1, max-image-preview:large, max-video-preview:-1\" \/>\n<link rel=\"canonical\" href=\"https:\/\/ufogolf.lv\/ufogolf\/zakusala\/\" \/>\n<meta property=\"og:locale\" content=\"en_US\" \/>\n<meta property=\"og:type\" content=\"article\" \/>\n<meta property=\"og:title\" content=\"[:lv]Za\u0137usala[:en]Zakusala[:ru]Zakusala[:] - UFOGOLF\" \/>\n<meta property=\"og:description\" content=\"Disku Golfs tiek sp\u0113l\u0113ts uz speci\u0101li izb\u016bv\u0113tiem laukumiem dab\u0101. Laukuma pl\u0101ns parasti atrodas net\u0101lu no pirm\u0101 celi\u0146a un par\u0101da visu nepiecie\u0161amo inform\u0101ciju\" \/>\n<meta property=\"og:url\" content=\"https:\/\/ufogolf.lv\/ufogolf\/zakusala\/\" \/>\n<meta property=\"og:site_name\" content=\"UFOGOLF\" \/>\n<meta property=\"article:publisher\" content=\"https:\/\/facebook.com\/ufogolflatvija\" \/>\n<meta property=\"article:modified_time\" content=\"2025-04-15T04:38:40+00:00\" \/>\n<meta property=\"og:image\" content=\"https:\/\/ufogolf.lv\/wp-content\/uploads\/\/2024\/10\/Zakusala-Disc-Golf-Park-2024-plan-23.09.2024-small.png\" \/>\n\t<meta property=\"og:image:width\" content=\"1600\" \/>\n\t<meta property=\"og:image:height\" content=\"1067\" \/>\n\t<meta property=\"og:image:type\" content=\"image\/png\" \/>\n<meta name=\"twitter:card\" content=\"summary_large_image\" \/>\n<meta name=\"twitter:label1\" content=\"Est. reading time\" \/>\n\t<meta name=\"twitter:data1\" content=\"1 minute\" \/>\n<script type=\"application\/ld+json\" class=\"yoast-schema-graph\">{\"@context\":\"https:\/\/schema.org\",\"@graph\":[{\"@type\":\"WebPage\",\"@id\":\"https:\/\/ufogolf.lv\/ufogolf\/zakusala\/\",\"url\":\"https:\/\/ufogolf.lv\/ufogolf\/zakusala\/\",\"name\":\"[:lv]Za\u0137usala[:en]Zakusala[:ru]Zakusala[:] - UFOGOLF\",\"isPartOf\":{\"@id\":\"https:\/\/ufogolf.lv\/#website\"},\"primaryImageOfPage\":{\"@id\":\"https:\/\/ufogolf.lv\/ufogolf\/zakusala\/#primaryimage\"},\"image\":{\"@id\":\"https:\/\/ufogolf.lv\/ufogolf\/zakusala\/#primaryimage\"},\"thumbnailUrl\":\"https:\/\/ufogolf.lv\/wp-content\/uploads\/\/2024\/10\/Zakusala-Disc-Golf-Park-2024-plan-23.09.2024-small-1024x683.png\",\"datePublished\":\"2024-10-18T19:29:03+00:00\",\"dateModified\":\"2025-04-15T04:38:40+00:00\",\"description\":\"Disku Golfs tiek sp\u0113l\u0113ts uz speci\u0101li izb\u016bv\u0113tiem laukumiem dab\u0101. Laukuma pl\u0101ns parasti atrodas net\u0101lu no pirm\u0101 celi\u0146a un par\u0101da visu nepiecie\u0161amo inform\u0101ciju\",\"breadcrumb\":{\"@id\":\"https:\/\/ufogolf.lv\/ufogolf\/zakusala\/#breadcrumb\"},\"inLanguage\":\"en-US\",\"potentialAction\":[{\"@type\":\"ReadAction\",\"target\":[\"https:\/\/ufogolf.lv\/ufogolf\/zakusala\/\"]}]},{\"@type\":\"ImageObject\",\"inLanguage\":\"en-US\",\"@id\":\"https:\/\/ufogolf.lv\/ufogolf\/zakusala\/#primaryimage\",\"url\":\"https:\/\/ufogolf.lv\/wp-content\/uploads\/\/2024\/10\/Zakusala-Disc-Golf-Park-2024-plan-23.09.2024-small-1024x683.png\",\"contentUrl\":\"https:\/\/ufogolf.lv\/wp-content\/uploads\/\/2024\/10\/Zakusala-Disc-Golf-Park-2024-plan-23.09.2024-small-1024x683.png\"},{\"@type\":\"BreadcrumbList\",\"@id\":\"https:\/\/ufogolf.lv\/ufogolf\/zakusala\/#breadcrumb\",\"itemListElement\":[{\"@type\":\"ListItem\",\"position\":1,\"name\":\"Home\",\"item\":\"https:\/\/ufogolf.lv\/\"},{\"@type\":\"ListItem\",\"position\":2,\"name\":\"Ufogolf\",\"item\":\"https:\/\/ufogolf.lv\/\"},{\"@type\":\"ListItem\",\"position\":3,\"name\":\"Za\u0137usala\"}]},{\"@type\":\"WebSite\",\"@id\":\"https:\/\/ufogolf.lv\/#website\",\"url\":\"https:\/\/ufogolf.lv\/\",\"name\":\"UFOGOLF\",\"description\":\"UFOGOLF disc golf and disc golf courses in Riga\",\"publisher\":{\"@id\":\"https:\/\/ufogolf.lv\/#organization\"},\"potentialAction\":[{\"@type\":\"SearchAction\",\"target\":{\"@type\":\"EntryPoint\",\"urlTemplate\":\"https:\/\/ufogolf.lv\/?s={search_term_string}\"},\"query-input\":{\"@type\":\"PropertyValueSpecification\",\"valueRequired\":true,\"valueName\":\"search_term_string\"}}],\"inLanguage\":\"en-US\"},{\"@type\":\"Organization\",\"@id\":\"https:\/\/ufogolf.lv\/#organization\",\"name\":\"Ufogolf Latvia\",\"alternateName\":\"Ufogolf Latvija\",\"url\":\"https:\/\/ufogolf.lv\/\",\"logo\":{\"@type\":\"ImageObject\",\"inLanguage\":\"en-US\",\"@id\":\"https:\/\/ufogolf.lv\/#\/schema\/logo\/image\/\",\"url\":\"https:\/\/ufogolf.lv\/wp-content\/uploads\/\/2021\/05\/ufogolf_logo_krasains.png\",\"contentUrl\":\"https:\/\/ufogolf.lv\/wp-content\/uploads\/\/2021\/05\/ufogolf_logo_krasains.png\",\"width\":182,\"height\":187,\"caption\":\"Ufogolf Latvia\"},\"image\":{\"@id\":\"https:\/\/ufogolf.lv\/#\/schema\/logo\/image\/\"},\"sameAs\":[\"https:\/\/facebook.com\/ufogolflatvija\",\"https:\/\/www.instagram.com\/ufogolf\",\"https:\/\/www.linkedin.com\/company\/ufogolf-latvija\",\"https:\/\/www.youtube.com\/user\/ufogolflatvija\"]}]}<\/script>\n<!-- \/ Yoast SEO plugin. -->","yoast_head_json":{"title":"[:lv]Za\u0137usala[:en]Zakusala[:ru]Zakusala[:] - UFOGOLF","description":"Disku Golfs tiek sp\u0113l\u0113ts uz speci\u0101li izb\u016bv\u0113tiem laukumiem dab\u0101. Laukuma pl\u0101ns parasti atrodas net\u0101lu no pirm\u0101 celi\u0146a un par\u0101da visu nepiecie\u0161amo inform\u0101ciju","robots":{"index":"index","follow":"follow","max-snippet":"max-snippet:-1","max-image-preview":"max-image-preview:large","max-video-preview":"max-video-preview:-1"},"canonical":"https:\/\/ufogolf.lv\/ufogolf\/zakusala\/","og_locale":"en_US","og_type":"article","og_title":"[:lv]Za\u0137usala[:en]Zakusala[:ru]Zakusala[:] - UFOGOLF","og_description":"Disku Golfs tiek sp\u0113l\u0113ts uz speci\u0101li izb\u016bv\u0113tiem laukumiem dab\u0101. Laukuma pl\u0101ns parasti atrodas net\u0101lu no pirm\u0101 celi\u0146a un par\u0101da visu nepiecie\u0161amo inform\u0101ciju","og_url":"https:\/\/ufogolf.lv\/ufogolf\/zakusala\/","og_site_name":"UFOGOLF","article_publisher":"https:\/\/facebook.com\/ufogolflatvija","article_modified_time":"2025-04-15T04:38:40+00:00","og_image":[{"width":1600,"height":1067,"url":"https:\/\/ufogolf.lv\/wp-content\/uploads\/\/2024\/10\/Zakusala-Disc-Golf-Park-2024-plan-23.09.2024-small.png","type":"image\/png"}],"twitter_card":"summary_large_image","twitter_misc":{"Est. reading time":"1 minute"},"schema":{"@context":"https:\/\/schema.org","@graph":[{"@type":"WebPage","@id":"https:\/\/ufogolf.lv\/ufogolf\/zakusala\/","url":"https:\/\/ufogolf.lv\/ufogolf\/zakusala\/","name":"[:lv]Za\u0137usala[:en]Zakusala[:ru]Zakusala[:] - UFOGOLF","isPartOf":{"@id":"https:\/\/ufogolf.lv\/#website"},"primaryImageOfPage":{"@id":"https:\/\/ufogolf.lv\/ufogolf\/zakusala\/#primaryimage"},"image":{"@id":"https:\/\/ufogolf.lv\/ufogolf\/zakusala\/#primaryimage"},"thumbnailUrl":"https:\/\/ufogolf.lv\/wp-content\/uploads\/\/2024\/10\/Zakusala-Disc-Golf-Park-2024-plan-23.09.2024-small-1024x683.png","datePublished":"2024-10-18T19:29:03+00:00","dateModified":"2025-04-15T04:38:40+00:00","description":"Disku Golfs tiek sp\u0113l\u0113ts uz speci\u0101li izb\u016bv\u0113tiem laukumiem dab\u0101. Laukuma pl\u0101ns parasti atrodas net\u0101lu no pirm\u0101 celi\u0146a un par\u0101da visu nepiecie\u0161amo inform\u0101ciju","breadcrumb":{"@id":"https:\/\/ufogolf.lv\/ufogolf\/zakusala\/#breadcrumb"},"inLanguage":"en-US","potentialAction":[{"@type":"ReadAction","target":["https:\/\/ufogolf.lv\/ufogolf\/zakusala\/"]}]},{"@type":"ImageObject","inLanguage":"en-US","@id":"https:\/\/ufogolf.lv\/ufogolf\/zakusala\/#primaryimage","url":"https:\/\/ufogolf.lv\/wp-content\/uploads\/\/2024\/10\/Zakusala-Disc-Golf-Park-2024-plan-23.09.2024-small-1024x683.png","contentUrl":"https:\/\/ufogolf.lv\/wp-content\/uploads\/\/2024\/10\/Zakusala-Disc-Golf-Park-2024-plan-23.09.2024-small-1024x683.png"},{"@type":"BreadcrumbList","@id":"https:\/\/ufogolf.lv\/ufogolf\/zakusala\/#breadcrumb","itemListElement":[{"@type":"ListItem","position":1,"name":"Home","item":"https:\/\/ufogolf.lv\/"},{"@type":"ListItem","position":2,"name":"Ufogolf","item":"https:\/\/ufogolf.lv\/"},{"@type":"ListItem","position":3,"name":"Za\u0137usala"}]},{"@type":"WebSite","@id":"https:\/\/ufogolf.lv\/#website","url":"https:\/\/ufogolf.lv\/","name":"UFOGOLF","description":"UFOGOLF disc golf and disc golf courses in Riga","publisher":{"@id":"https:\/\/ufogolf.lv\/#organization"},"potentialAction":[{"@type":"SearchAction","target":{"@type":"EntryPoint","urlTemplate":"https:\/\/ufogolf.lv\/?s={search_term_string}"},"query-input":{"@type":"PropertyValueSpecification","valueRequired":true,"valueName":"search_term_string"}}],"inLanguage":"en-US"},{"@type":"Organization","@id":"https:\/\/ufogolf.lv\/#organization","name":"Ufogolf Latvia","alternateName":"Ufogolf Latvija","url":"https:\/\/ufogolf.lv\/","logo":{"@type":"ImageObject","inLanguage":"en-US","@id":"https:\/\/ufogolf.lv\/#\/schema\/logo\/image\/","url":"https:\/\/ufogolf.lv\/wp-content\/uploads\/\/2021\/05\/ufogolf_logo_krasains.png","contentUrl":"https:\/\/ufogolf.lv\/wp-content\/uploads\/\/2021\/05\/ufogolf_logo_krasains.png","width":182,"height":187,"caption":"Ufogolf Latvia"},"image":{"@id":"https:\/\/ufogolf.lv\/#\/schema\/logo\/image\/"},"sameAs":["https:\/\/facebook.com\/ufogolflatvija","https:\/\/www.instagram.com\/ufogolf","https:\/\/www.linkedin.com\/company\/ufogolf-latvija","https:\/\/www.youtube.com\/user\/ufogolflatvija"]}]}},"_links":{"self":[{"href":"https:\/\/ufogolf.lv\/en\/wp-json\/wp\/v2\/pages\/5206","targetHints":{"allow":["GET"]}}],"collection":[{"href":"https:\/\/ufogolf.lv\/en\/wp-json\/wp\/v2\/pages"}],"about":[{"href":"https:\/\/ufogolf.lv\/en\/wp-json\/wp\/v2\/types\/page"}],"author":[{"embeddable":true,"href":"https:\/\/ufogolf.lv\/en\/wp-json\/wp\/v2\/users\/2"}],"replies":[{"embeddable":true,"href":"https:\/\/ufogolf.lv\/en\/wp-json\/wp\/v2\/comments?post=5206"}],"version-history":[{"count":9,"href":"https:\/\/ufogolf.lv\/en\/wp-json\/wp\/v2\/pages\/5206\/revisions"}],"predecessor-version":[{"id":5306,"href":"https:\/\/ufogolf.lv\/en\/wp-json\/wp\/v2\/pages\/5206\/revisions\/5306"}],"up":[{"embeddable":true,"href":"https:\/\/ufogolf.lv\/en\/wp-json\/wp\/v2\/pages\/5"}],"wp:attachment":[{"href":"https:\/\/ufogolf.lv\/en\/wp-json\/wp\/v2\/media?parent=5206"}],"curies":[{"name":"wp","href":"https:\/\/api.w.org\/{rel}","templated":true}]}}