{"id":16,"date":"2013-05-14T11:14:15","date_gmt":"2013-05-14T11:14:15","guid":{"rendered":"https:\/\/ufogolf.lv\/?page_id=16"},"modified":"2024-05-10T00:11:59","modified_gmt":"2024-05-09T21:11:59","slug":"disku-golfs","status":"publish","type":"page","link":"https:\/\/ufogolf.lv\/ru\/ufogolf\/disku-golfs\/","title":{"rendered":"\u0414\u0438\u0441\u043a \u0413\u043e\u043b\u044c\u0444"},"content":{"rendered":"<p><\/p>\n<div class=\"text-over-image\">\u041e\u0441\u043d\u043e\u0432\u043d\u043e\u0439 \u043f\u0440\u0438\u043d\u0446\u0438\u043f <a href=\"https:\/\/rdga.ru\/about\" target=\"_blank\" rel=\"noopener noreferrer\">\u0434\u0438\u0441\u043a-\u0433\u043e\u043b\u044c\u0444\u0430<\/a> \u0442\u0430\u043a\u043e\u0439 \u0436\u0435, \u043a\u0430\u043a \u0438 \u0443 \u0442\u0440\u0430\u0434\u0438\u0446\u0438\u043e\u043d\u043d\u043e\u0433\u043e \u0433\u043e\u043b\u044c\u0444\u0430, \u043d\u043e \u0432\u043c\u0435\u0441\u0442\u043e \u043c\u044f\u0447\u0438\u043a\u043e\u0432 \u0438 \u043a\u043b\u044e\u0448\u0435\u043a \u0438\u0433\u0440\u043e\u043a\u0438 \u0438\u0441\u043f\u043e\u043b\u044c\u0437\u0443\u044e\u0442 \u043b\u0435\u0442\u0430\u044e\u0449\u0438\u0439 \u0434\u0438\u0441\u043a. \u0421\u043f\u043e\u0440\u0442, \u043a\u043e\u0442\u043e\u0440\u044b\u0439 \u0441\u0444\u043e\u0440\u043c\u0438\u0440\u043e\u0432\u0430\u043b\u0441\u044f \u0432 1970-\u0445 \u0433\u043e\u0434\u0430\u0445, \u0438\u043c\u0435\u0435\u0442 \u0441 \u043a\u043b\u0430\u0441\u0441\u0438\u0447\u0435\u0441\u043a\u0438\u043c \u0433\u043e\u043b\u044c\u0444\u043e\u043c \u043e\u0431\u0449\u0443\u044e \u0446\u0435\u043b\u044c \u2013 \u043f\u0440\u043e\u0439\u0442\u0438 \u043e\u0442\u0440\u0435\u0437\u043e\u043a \u0437\u0430 \u043c\u0435\u043d\u044c\u0448\u0435\u0435 \u043a\u043e\u043b\u0438\u0447\u0435\u0441\u0442\u0432\u043e \u0431\u0440\u043e\u0441\u043a\u043e\u0432. \u041e\u0440\u0433\u0430\u043d\u0438\u0437\u0430\u0442\u043e\u0440\u044b \u0441\u0442\u0430\u0440\u0430\u043b\u0438\u0441\u044c \u0441\u0434\u0435\u043b\u0430\u0442\u044c \u043f\u0430\u0440\u043a \u043f\u0440\u0438\u0432\u043b\u0435\u043a\u0430\u0442\u0435\u043b\u044c\u043d\u044b\u043c \u0438\u043c\u0435\u043d\u043d\u043e \u0434\u043b\u044f \u043d\u0430\u0447\u0438\u043d\u0430\u044e\u0449\u0438\u0445, \u043d\u043e \u0432 \u0442\u043e\u0436\u0435 \u0432\u0440\u0435\u043c\u044f, \u043f\u0430\u0440\u043a \u043f\u043e\u043b\u0443\u0447\u0438\u043b\u0441\u044f \u0438\u043d\u0442\u0435\u0440\u0435\u0441\u043d\u044b\u043c \u0438\u0437-\u0437\u0430 \u043c\u043d\u043e\u0436\u0435\u0441\u0442\u0432\u0430 \u0434\u0435\u0440\u0435\u0432\u044c\u0435\u0432, \u0438 \u0431\u0435\u0437\u043e\u043f\u0430\u0441\u043d\u044b\u043c (\u043e\u0442\u0434\u044b\u0445\u0430\u044e\u0449\u0438\u0435 \u043d\u0435 \u043c\u0435\u0448\u0430\u044e\u0442 \u0438\u0433\u0440\u043e\u043a\u0430\u043c \u0438 \u043d\u0430\u043e\u0431\u043e\u0440\u043e\u0442).<\/div>\n<div class=\"text-over-image\">\n<p><img loading=\"lazy\" decoding=\"async\" class=\"img-responsive wp-image-100 size-full img-responsive bottom-margin aligncenter\" src=\"http:\/\/localhost:3000\/ufogolf\/wp-content\/uploads\/2013\/05\/ka_to_darit.png\" alt=\"K\u0101 to dar\u012bt\" width=\"1024\" height=\"321\" srcset=\"https:\/\/ufogolf.lv\/wp-content\/uploads\/2013\/05\/ka_to_darit.png 1024w, https:\/\/ufogolf.lv\/wp-content\/uploads\/2013\/05\/ka_to_darit-300x94.png 300w, https:\/\/ufogolf.lv\/wp-content\/uploads\/2013\/05\/ka_to_darit-150x47.png 150w, https:\/\/ufogolf.lv\/wp-content\/uploads\/2013\/05\/ka_to_darit-768x241.png 768w, https:\/\/ufogolf.lv\/wp-content\/uploads\/2013\/05\/ka_to_darit-800x251.png 800w\" sizes=\"auto, (max-width: 1024px) 100vw, 1024px\" \/><\/p>\n<div class=\"text-over-image\">\n<hr class=\"redline\" \/>\n<p>\u0413\u043e\u043b\u044c\u0444\u0438\u0441\u0442 \u043d\u0430\u0447\u0438\u043d\u0430\u0435\u0442 \u0438\u0433\u0440\u0443, \u0431\u0440\u043e\u0441\u0430\u044f \u0434\u0438\u0441\u043a \u0432 \u0441\u0442\u043e\u0440\u043e\u043d\u0443 \u043f\u0440\u0438\u043f\u043e\u0434\u043d\u044f\u0442\u043e\u0439 \u043d\u0430\u0434 \u0437\u0435\u043c\u043b\u0451\u0439 \u0446\u0435\u043b\u0438, \u0447\u0430\u0441\u0442\u043e \u0438\u043c\u0435\u043d\u0443\u0435\u043c\u043e\u0439 \u043f\u0440\u043e\u0441\u0442\u043e \u00ab\u043a\u043e\u0440\u0437\u0438\u043d\u043e\u0439\u00bb. \u0412\u043e \u0432\u0440\u0435\u043c\u044f \u043f\u0440\u043e\u0434\u0432\u0438\u0436\u0435\u043d\u0438\u044f \u043f\u043e \u043e\u0442\u0440\u0435\u0437\u043a\u0443, \u0438\u0433\u0440\u043e\u043a \u0432\u044b\u043f\u043e\u043b\u043d\u044f\u0435\u0442 \u043a\u0430\u0436\u0434\u044b\u0439 \u043f\u043e\u0441\u043b\u0435\u0434\u0443\u044e\u0449\u0438\u0439 \u0431\u0440\u043e\u0441\u043e\u043a \u0441 \u0442\u043e\u0447\u043a\u0438, \u0433\u0434\u0435 \u043f\u043e\u0441\u043b\u0435 \u043f\u0430\u0434\u0435\u043d\u0438\u044f \u043e\u0441\u0442\u0430\u043d\u043e\u0432\u0438\u043b\u0441\u044f \u043f\u0440\u0435\u0434\u044b\u0434\u0443\u0449\u0438\u0439 \u0434\u0438\u0441\u043a. \u0414\u0435\u0440\u0435\u0432\u044c\u044f, \u043a\u0430\u043c\u043d\u0438, \u0438\u0437\u043c\u0435\u043d\u044f\u044e\u0449\u0438\u0439\u0441\u044f \u0440\u0435\u043b\u044c\u0435\u0444 \u043c\u0435\u0441\u0442\u043d\u043e\u0441\u0442\u0438 \u044f\u0432\u043b\u044f\u044e\u0442\u0441\u044f \u0434\u043b\u044f \u0433\u043e\u043b\u044c\u0444\u0438\u0441\u0442\u0430 \u0441\u043b\u043e\u0436\u043d\u044b\u043c\u0438 \u043f\u0440\u0435\u043f\u044f\u0442\u0441\u0442\u0432\u0438\u044f\u043c\u0438 \u0432\u043e \u0432\u0440\u0435\u043c\u044f \u0438\u0433\u0440\u044b. \u0412 \u0437\u0430\u043a\u043b\u044e\u0447\u0435\u043d\u0438\u0438 \u043e\u0442\u0440\u0435\u0437\u043a\u0430 \u00ab\u043f\u0430\u0442\u0442\u00bb \u0434\u043e\u043b\u0436\u0435\u043d \u043e\u043a\u0430\u0437\u0430\u0442\u044c\u0441\u044f \u0432 \u043f\u0440\u0438\u043f\u043e\u0434\u043d\u044f\u0442\u043e\u0439 \u043d\u0430\u0434 \u0437\u0435\u043c\u043b\u0451\u0439 \u0446\u0435\u043b\u0438, \u0438 \u0442\u043e\u0433\u0434\u0430 \u043e\u0442\u0440\u0435\u0437\u043e\u043a \u0441\u0447\u0438\u0442\u0430\u0435\u0442\u0441\u044f \u0441\u044b\u0433\u0440\u0430\u043d\u043d\u044b\u043c.<\/p>\n<p><img loading=\"lazy\" decoding=\"async\" class=\"alignnone wp-image-5158\" src=\"https:\/\/ufogolf.lv\/wp-content\/uploads\/\/2024\/05\/disku-golfs-apraksts-4.png\" alt=\"\" width=\"273\" height=\"182\" srcset=\"https:\/\/ufogolf.lv\/wp-content\/uploads\/2024\/05\/disku-golfs-apraksts-4.png 1000w, https:\/\/ufogolf.lv\/wp-content\/uploads\/2024\/05\/disku-golfs-apraksts-4-300x200.png 300w, https:\/\/ufogolf.lv\/wp-content\/uploads\/2024\/05\/disku-golfs-apraksts-4-150x100.png 150w, https:\/\/ufogolf.lv\/wp-content\/uploads\/2024\/05\/disku-golfs-apraksts-4-768x511.png 768w, https:\/\/ufogolf.lv\/wp-content\/uploads\/2024\/05\/disku-golfs-apraksts-4-800x533.png 800w, https:\/\/ufogolf.lv\/wp-content\/uploads\/2024\/05\/disku-golfs-apraksts-4-600x400.png 600w\" sizes=\"auto, (max-width: 273px) 100vw, 273px\" \/><img loading=\"lazy\" decoding=\"async\" class=\"alignnone wp-image-5159\" src=\"https:\/\/ufogolf.lv\/wp-content\/uploads\/\/2024\/05\/disku-golfs-apraksts-2.png\" alt=\"\" width=\"273\" height=\"182\" srcset=\"https:\/\/ufogolf.lv\/wp-content\/uploads\/2024\/05\/disku-golfs-apraksts-2.png 1000w, https:\/\/ufogolf.lv\/wp-content\/uploads\/2024\/05\/disku-golfs-apraksts-2-300x200.png 300w, https:\/\/ufogolf.lv\/wp-content\/uploads\/2024\/05\/disku-golfs-apraksts-2-150x100.png 150w, https:\/\/ufogolf.lv\/wp-content\/uploads\/2024\/05\/disku-golfs-apraksts-2-768x511.png 768w, https:\/\/ufogolf.lv\/wp-content\/uploads\/2024\/05\/disku-golfs-apraksts-2-800x533.png 800w, https:\/\/ufogolf.lv\/wp-content\/uploads\/2024\/05\/disku-golfs-apraksts-2-600x400.png 600w\" sizes=\"auto, (max-width: 273px) 100vw, 273px\" \/><img loading=\"lazy\" decoding=\"async\" class=\"alignnone wp-image-5160\" src=\"https:\/\/ufogolf.lv\/wp-content\/uploads\/\/2024\/05\/disku-golfs-apraksts-3.png\" alt=\"\" width=\"273\" height=\"182\" srcset=\"https:\/\/ufogolf.lv\/wp-content\/uploads\/2024\/05\/disku-golfs-apraksts-3.png 1000w, https:\/\/ufogolf.lv\/wp-content\/uploads\/2024\/05\/disku-golfs-apraksts-3-300x200.png 300w, https:\/\/ufogolf.lv\/wp-content\/uploads\/2024\/05\/disku-golfs-apraksts-3-150x100.png 150w, https:\/\/ufogolf.lv\/wp-content\/uploads\/2024\/05\/disku-golfs-apraksts-3-768x511.png 768w, https:\/\/ufogolf.lv\/wp-content\/uploads\/2024\/05\/disku-golfs-apraksts-3-800x533.png 800w, https:\/\/ufogolf.lv\/wp-content\/uploads\/2024\/05\/disku-golfs-apraksts-3-600x400.png 600w\" sizes=\"auto, (max-width: 273px) 100vw, 273px\" \/><img loading=\"lazy\" decoding=\"async\" class=\"alignnone wp-image-5161\" src=\"https:\/\/ufogolf.lv\/wp-content\/uploads\/\/2024\/05\/disku-golfs-apraksts-1.png\" alt=\"\" width=\"273\" height=\"182\" srcset=\"https:\/\/ufogolf.lv\/wp-content\/uploads\/2024\/05\/disku-golfs-apraksts-1.png 1000w, https:\/\/ufogolf.lv\/wp-content\/uploads\/2024\/05\/disku-golfs-apraksts-1-300x200.png 300w, https:\/\/ufogolf.lv\/wp-content\/uploads\/2024\/05\/disku-golfs-apraksts-1-150x100.png 150w, https:\/\/ufogolf.lv\/wp-content\/uploads\/2024\/05\/disku-golfs-apraksts-1-768x511.png 768w, https:\/\/ufogolf.lv\/wp-content\/uploads\/2024\/05\/disku-golfs-apraksts-1-800x533.png 800w, https:\/\/ufogolf.lv\/wp-content\/uploads\/2024\/05\/disku-golfs-apraksts-1-600x400.png 600w\" sizes=\"auto, (max-width: 273px) 100vw, 273px\" \/><\/p>\n<p>\u041a\u0430\u0440\u0442\u043e\u0447\u043a\u0430 \u0438\u0433\u0440\u044b\u00a0\u043f\u0440\u0435\u0434\u043d\u0430\u0437\u043d\u0430\u0447\u0435\u043d\u0430 \u0434\u043b\u044f \u0437\u0430\u043f\u0438\u0441\u0438 \u0438\u0433\u0440\u043e\u043a\u043e\u0432 \u0438 \u0438\u0445 \u0440\u0435\u0437\u0443\u043b\u044c\u0442\u0430\u0442\u0430.\u00a0<strong>\u041c\u044b \u043f\u0440\u0435\u0434\u043b\u0430\u0433\u0430\u0435\u043c \u043a\u0430\u0436\u0434\u043e\u043c\u0443 \u0438\u0441\u043f\u043e\u043b\u044c\u0437\u043e\u0432\u0430\u0442\u044c \u044d\u043b\u0435\u043a\u0442\u0440\u043e\u043d\u043d\u0443\u044e \u043a\u0430\u0440\u0442\u043e\u0447\u043a\u0443 (<a href=\"https:\/\/discgolfmetrix.com\/\" target=\"_blank\" rel=\"noopener noreferrer\">Disc Golf Metrix<\/a>) \u200b\u200b\u043d\u0430 \u0432\u0430\u0448\u0435\u043c \u043c\u043e\u0431\u0438\u043b\u044c\u043d\u043e\u043c \u0442\u0435\u043b\u0435\u0444\u043e\u043d\u0435.<\/strong><\/p>\n<p><strong><a href=\"https:\/\/discgolfmetrix.com\/\" target=\"_blank\" rel=\"noopener noreferrer\"><img loading=\"lazy\" decoding=\"async\" class=\"size-full wp-image-4686 aligncenter\" src=\"https:\/\/ufogolf.lv\/wp-content\/uploads\/\/2020\/01\/Discgolfmetrix-logo.png\" alt=\"\" width=\"382\" height=\"132\" srcset=\"https:\/\/ufogolf.lv\/wp-content\/uploads\/2020\/01\/Discgolfmetrix-logo.png 382w, https:\/\/ufogolf.lv\/wp-content\/uploads\/2020\/01\/Discgolfmetrix-logo-300x104.png 300w, https:\/\/ufogolf.lv\/wp-content\/uploads\/2020\/01\/Discgolfmetrix-logo-150x52.png 150w\" sizes=\"auto, (max-width: 382px) 100vw, 382px\" \/><\/a><\/strong><\/p>\n<\/div>\n<\/div>\n<p><\/p>","protected":false},"excerpt":{"rendered":"<p>\u041e\u0441\u043d\u043e\u0432\u043d\u043e\u0439 \u043f\u0440\u0438\u043d\u0446\u0438\u043f \u0434\u0438\u0441\u043a-\u0433\u043e\u043b\u044c\u0444\u0430 \u0442\u0430\u043a\u043e\u0439 \u0436\u0435, \u043a\u0430\u043a \u0438 \u0443 \u0442\u0440\u0430\u0434\u0438\u0446\u0438\u043e\u043d\u043d\u043e\u0433\u043e \u0433\u043e\u043b\u044c\u0444\u0430, \u043d\u043e \u0432\u043c\u0435\u0441\u0442\u043e \u043c\u044f\u0447\u0438\u043a\u043e\u0432 \u0438 \u043a\u043b\u044e\u0448\u0435\u043a \u0438\u0433\u0440\u043e\u043a\u0438 \u0438\u0441\u043f\u043e\u043b\u044c\u0437\u0443\u044e\u0442 \u043b\u0435\u0442\u0430\u044e\u0449\u0438\u0439 \u0434\u0438\u0441\u043a. \u0421\u043f\u043e\u0440\u0442, \u043a\u043e\u0442\u043e\u0440\u044b\u0439 \u0441\u0444\u043e\u0440\u043c\u0438\u0440\u043e\u0432\u0430\u043b\u0441\u044f \u0432 1970-\u0445 \u0433\u043e\u0434\u0430\u0445, \u0438\u043c\u0435\u0435\u0442 \u0441 \u043a\u043b\u0430\u0441\u0441\u0438\u0447\u0435\u0441\u043a\u0438\u043c \u0433\u043e\u043b\u044c\u0444\u043e\u043c \u043e\u0431\u0449\u0443\u044e \u0446\u0435\u043b\u044c \u2013 \u043f\u0440\u043e\u0439\u0442\u0438 \u043e\u0442\u0440\u0435\u0437\u043e\u043a \u0437\u0430 \u043c\u0435\u043d\u044c\u0448\u0435\u0435 \u043a\u043e\u043b\u0438\u0447\u0435\u0441\u0442\u0432\u043e \u0431\u0440\u043e\u0441\u043a\u043e\u0432. \u041e\u0440\u0433\u0430\u043d\u0438\u0437\u0430\u0442\u043e\u0440\u044b \u0441\u0442\u0430\u0440\u0430\u043b\u0438\u0441\u044c \u0441\u0434\u0435\u043b\u0430\u0442\u044c \u043f\u0430\u0440\u043a \u043f\u0440\u0438\u0432\u043b\u0435\u043a\u0430\u0442\u0435\u043b\u044c\u043d\u044b\u043c \u0438\u043c\u0435\u043d\u043d\u043e \u0434\u043b\u044f \u043d\u0430\u0447\u0438\u043d\u0430\u044e\u0449\u0438\u0445, \u043d\u043e \u0432 \u0442\u043e\u0436\u0435 \u0432\u0440\u0435\u043c\u044f, \u043f\u0430\u0440\u043a \u043f\u043e\u043b\u0443\u0447\u0438\u043b\u0441\u044f \u0438\u043d\u0442\u0435\u0440\u0435\u0441\u043d\u044b\u043c \u0438\u0437-\u0437\u0430 \u043c\u043d\u043e\u0436\u0435\u0441\u0442\u0432\u0430&#8230;<\/p>\n","protected":false},"author":2,"featured_media":5156,"parent":5,"menu_order":1,"comment_status":"open","ping_status":"open","template":"","meta":{"_acf_changed":false,"footnotes":""},"class_list":["post-16","page","type-page","status-publish","has-post-thumbnail","hentry"],"acf":[],"yoast_head":"<!-- This site is optimized with the Yoast SEO plugin v24.6 - https:\/\/yoast.com\/wordpress\/plugins\/seo\/ -->\n<title>\u0414\u0438\u0441\u043a \u0413\u043e\u043b\u044c\u0444 - UFOGOLF<\/title>\n<meta name=\"description\" content=\"Disku golfs ir sporta sp\u0113le, kur\u0101 sp\u0113l\u0113t\u0101jam \u012bpa\u0161s lidojo\u0161ais disks j\u0101iemet \u012bpa\u0161\u0101 groz\u0101.\" \/>\n<meta name=\"robots\" content=\"index, follow, max-snippet:-1, max-image-preview:large, max-video-preview:-1\" \/>\n<link rel=\"canonical\" href=\"https:\/\/ufogolf.lv\/ufogolf\/disku-golfs\/\" \/>\n<meta property=\"og:locale\" content=\"ru_RU\" \/>\n<meta property=\"og:type\" content=\"article\" \/>\n<meta property=\"og:title\" content=\"[:lv]Disku golfs[:en]Disc Golf[:ru]\u0414\u0438\u0441\u043a \u0413\u043e\u043b\u044c\u0444[:] - UFOGOLF\" \/>\n<meta property=\"og:description\" content=\"Disku golfs ir sporta sp\u0113le, kur\u0101 sp\u0113l\u0113t\u0101jam \u012bpa\u0161s lidojo\u0161ais disks j\u0101iemet \u012bpa\u0161\u0101 groz\u0101.\" \/>\n<meta property=\"og:url\" content=\"https:\/\/ufogolf.lv\/ufogolf\/disku-golfs\/\" \/>\n<meta property=\"og:site_name\" content=\"UFOGOLF\" \/>\n<meta property=\"article:publisher\" content=\"https:\/\/facebook.com\/ufogolflatvija\" \/>\n<meta property=\"article:modified_time\" content=\"2024-05-09T21:11:59+00:00\" \/>\n<meta property=\"og:image\" content=\"https:\/\/ufogolf.lv\/wp-content\/uploads\/\/2024\/05\/disku-golfs-promo-airbaltic-disc-golf-park-ufogolf.png\" \/>\n\t<meta property=\"og:image:width\" content=\"1000\" \/>\n\t<meta property=\"og:image:height\" content=\"562\" \/>\n\t<meta property=\"og:image:type\" content=\"image\/png\" \/>\n<meta name=\"twitter:card\" content=\"summary_large_image\" \/>\n<meta name=\"twitter:label1\" content=\"\u041f\u0440\u0438\u043c\u0435\u0440\u043d\u043e\u0435 \u0432\u0440\u0435\u043c\u044f \u0434\u043b\u044f \u0447\u0442\u0435\u043d\u0438\u044f\" \/>\n\t<meta name=\"twitter:data1\" content=\"3 \u043c\u0438\u043d\u0443\u0442\u044b\" \/>\n<script type=\"application\/ld+json\" class=\"yoast-schema-graph\">{\"@context\":\"https:\/\/schema.org\",\"@graph\":[{\"@type\":\"WebPage\",\"@id\":\"https:\/\/ufogolf.lv\/ufogolf\/disku-golfs\/\",\"url\":\"https:\/\/ufogolf.lv\/ufogolf\/disku-golfs\/\",\"name\":\"[:lv]Disku golfs[:en]Disc Golf[:ru]\u0414\u0438\u0441\u043a \u0413\u043e\u043b\u044c\u0444[:] - UFOGOLF\",\"isPartOf\":{\"@id\":\"https:\/\/ufogolf.lv\/#website\"},\"primaryImageOfPage\":{\"@id\":\"https:\/\/ufogolf.lv\/ufogolf\/disku-golfs\/#primaryimage\"},\"image\":{\"@id\":\"https:\/\/ufogolf.lv\/ufogolf\/disku-golfs\/#primaryimage\"},\"thumbnailUrl\":\"https:\/\/ufogolf.lv\/wp-content\/uploads\/\/2024\/05\/disku-golfs-promo-airbaltic-disc-golf-park-ufogolf.png\",\"datePublished\":\"2013-05-14T11:14:15+00:00\",\"dateModified\":\"2024-05-09T21:11:59+00:00\",\"description\":\"Disku golfs ir sporta sp\u0113le, kur\u0101 sp\u0113l\u0113t\u0101jam \u012bpa\u0161s lidojo\u0161ais disks j\u0101iemet \u012bpa\u0161\u0101 groz\u0101.\",\"breadcrumb\":{\"@id\":\"https:\/\/ufogolf.lv\/ufogolf\/disku-golfs\/#breadcrumb\"},\"inLanguage\":\"ru-RU\",\"potentialAction\":[{\"@type\":\"ReadAction\",\"target\":[\"https:\/\/ufogolf.lv\/ufogolf\/disku-golfs\/\"]}]},{\"@type\":\"ImageObject\",\"inLanguage\":\"ru-RU\",\"@id\":\"https:\/\/ufogolf.lv\/ufogolf\/disku-golfs\/#primaryimage\",\"url\":\"https:\/\/ufogolf.lv\/wp-content\/uploads\/\/2024\/05\/disku-golfs-promo-airbaltic-disc-golf-park-ufogolf.png\",\"contentUrl\":\"https:\/\/ufogolf.lv\/wp-content\/uploads\/\/2024\/05\/disku-golfs-promo-airbaltic-disc-golf-park-ufogolf.png\",\"width\":1000,\"height\":562},{\"@type\":\"BreadcrumbList\",\"@id\":\"https:\/\/ufogolf.lv\/ufogolf\/disku-golfs\/#breadcrumb\",\"itemListElement\":[{\"@type\":\"ListItem\",\"position\":1,\"name\":\"Home\",\"item\":\"https:\/\/ufogolf.lv\/\"},{\"@type\":\"ListItem\",\"position\":2,\"name\":\"Ufogolf\",\"item\":\"https:\/\/ufogolf.lv\/\"},{\"@type\":\"ListItem\",\"position\":3,\"name\":\"Disku golfs\"}]},{\"@type\":\"WebSite\",\"@id\":\"https:\/\/ufogolf.lv\/#website\",\"url\":\"https:\/\/ufogolf.lv\/\",\"name\":\"UFOGOLF\",\"description\":\"UFOGOLF \u0434\u0438\u0441\u043a \u0433\u043e\u043b\u044c\u0444 \u0438 \u043f\u043e\u043b\u044f \u0434\u043b\u044f \u0434\u0438\u0441\u043a-\u0433\u043e\u043b\u044c\u0444\u0430 \u0432 \u0420\u0438\u0433\u0435\",\"publisher\":{\"@id\":\"https:\/\/ufogolf.lv\/#organization\"},\"potentialAction\":[{\"@type\":\"SearchAction\",\"target\":{\"@type\":\"EntryPoint\",\"urlTemplate\":\"https:\/\/ufogolf.lv\/?s={search_term_string}\"},\"query-input\":{\"@type\":\"PropertyValueSpecification\",\"valueRequired\":true,\"valueName\":\"search_term_string\"}}],\"inLanguage\":\"ru-RU\"},{\"@type\":\"Organization\",\"@id\":\"https:\/\/ufogolf.lv\/#organization\",\"name\":\"Ufogolf Latvia\",\"alternateName\":\"Ufogolf Latvija\",\"url\":\"https:\/\/ufogolf.lv\/\",\"logo\":{\"@type\":\"ImageObject\",\"inLanguage\":\"ru-RU\",\"@id\":\"https:\/\/ufogolf.lv\/#\/schema\/logo\/image\/\",\"url\":\"https:\/\/ufogolf.lv\/wp-content\/uploads\/\/2021\/05\/ufogolf_logo_krasains.png\",\"contentUrl\":\"https:\/\/ufogolf.lv\/wp-content\/uploads\/\/2021\/05\/ufogolf_logo_krasains.png\",\"width\":182,\"height\":187,\"caption\":\"Ufogolf Latvia\"},\"image\":{\"@id\":\"https:\/\/ufogolf.lv\/#\/schema\/logo\/image\/\"},\"sameAs\":[\"https:\/\/facebook.com\/ufogolflatvija\",\"https:\/\/www.instagram.com\/ufogolf\",\"https:\/\/www.linkedin.com\/company\/ufogolf-latvija\",\"https:\/\/www.youtube.com\/user\/ufogolflatvija\"]}]}<\/script>\n<!-- \/ Yoast SEO plugin. -->","yoast_head_json":{"title":"[:lv]Disku golfs[:en]Disc Golf[:ru]\u0414\u0438\u0441\u043a \u0413\u043e\u043b\u044c\u0444[:] - UFOGOLF","description":"Disku golfs ir sporta sp\u0113le, kur\u0101 sp\u0113l\u0113t\u0101jam \u012bpa\u0161s lidojo\u0161ais disks j\u0101iemet \u012bpa\u0161\u0101 groz\u0101.","robots":{"index":"index","follow":"follow","max-snippet":"max-snippet:-1","max-image-preview":"max-image-preview:large","max-video-preview":"max-video-preview:-1"},"canonical":"https:\/\/ufogolf.lv\/ufogolf\/disku-golfs\/","og_locale":"ru_RU","og_type":"article","og_title":"[:lv]Disku golfs[:en]Disc Golf[:ru]\u0414\u0438\u0441\u043a \u0413\u043e\u043b\u044c\u0444[:] - UFOGOLF","og_description":"Disku golfs ir sporta sp\u0113le, kur\u0101 sp\u0113l\u0113t\u0101jam \u012bpa\u0161s lidojo\u0161ais disks j\u0101iemet \u012bpa\u0161\u0101 groz\u0101.","og_url":"https:\/\/ufogolf.lv\/ufogolf\/disku-golfs\/","og_site_name":"UFOGOLF","article_publisher":"https:\/\/facebook.com\/ufogolflatvija","article_modified_time":"2024-05-09T21:11:59+00:00","og_image":[{"width":1000,"height":562,"url":"https:\/\/ufogolf.lv\/wp-content\/uploads\/\/2024\/05\/disku-golfs-promo-airbaltic-disc-golf-park-ufogolf.png","type":"image\/png"}],"twitter_card":"summary_large_image","twitter_misc":{"\u041f\u0440\u0438\u043c\u0435\u0440\u043d\u043e\u0435 \u0432\u0440\u0435\u043c\u044f \u0434\u043b\u044f \u0447\u0442\u0435\u043d\u0438\u044f":"3 \u043c\u0438\u043d\u0443\u0442\u044b"},"schema":{"@context":"https:\/\/schema.org","@graph":[{"@type":"WebPage","@id":"https:\/\/ufogolf.lv\/ufogolf\/disku-golfs\/","url":"https:\/\/ufogolf.lv\/ufogolf\/disku-golfs\/","name":"[:lv]Disku golfs[:en]Disc Golf[:ru]\u0414\u0438\u0441\u043a \u0413\u043e\u043b\u044c\u0444[:] - UFOGOLF","isPartOf":{"@id":"https:\/\/ufogolf.lv\/#website"},"primaryImageOfPage":{"@id":"https:\/\/ufogolf.lv\/ufogolf\/disku-golfs\/#primaryimage"},"image":{"@id":"https:\/\/ufogolf.lv\/ufogolf\/disku-golfs\/#primaryimage"},"thumbnailUrl":"https:\/\/ufogolf.lv\/wp-content\/uploads\/\/2024\/05\/disku-golfs-promo-airbaltic-disc-golf-park-ufogolf.png","datePublished":"2013-05-14T11:14:15+00:00","dateModified":"2024-05-09T21:11:59+00:00","description":"Disku golfs ir sporta sp\u0113le, kur\u0101 sp\u0113l\u0113t\u0101jam \u012bpa\u0161s lidojo\u0161ais disks j\u0101iemet \u012bpa\u0161\u0101 groz\u0101.","breadcrumb":{"@id":"https:\/\/ufogolf.lv\/ufogolf\/disku-golfs\/#breadcrumb"},"inLanguage":"ru-RU","potentialAction":[{"@type":"ReadAction","target":["https:\/\/ufogolf.lv\/ufogolf\/disku-golfs\/"]}]},{"@type":"ImageObject","inLanguage":"ru-RU","@id":"https:\/\/ufogolf.lv\/ufogolf\/disku-golfs\/#primaryimage","url":"https:\/\/ufogolf.lv\/wp-content\/uploads\/\/2024\/05\/disku-golfs-promo-airbaltic-disc-golf-park-ufogolf.png","contentUrl":"https:\/\/ufogolf.lv\/wp-content\/uploads\/\/2024\/05\/disku-golfs-promo-airbaltic-disc-golf-park-ufogolf.png","width":1000,"height":562},{"@type":"BreadcrumbList","@id":"https:\/\/ufogolf.lv\/ufogolf\/disku-golfs\/#breadcrumb","itemListElement":[{"@type":"ListItem","position":1,"name":"Home","item":"https:\/\/ufogolf.lv\/"},{"@type":"ListItem","position":2,"name":"Ufogolf","item":"https:\/\/ufogolf.lv\/"},{"@type":"ListItem","position":3,"name":"Disku golfs"}]},{"@type":"WebSite","@id":"https:\/\/ufogolf.lv\/#website","url":"https:\/\/ufogolf.lv\/","name":"UFOGOLF","description":"UFOGOLF \u0434\u0438\u0441\u043a \u0433\u043e\u043b\u044c\u0444 \u0438 \u043f\u043e\u043b\u044f \u0434\u043b\u044f \u0434\u0438\u0441\u043a-\u0433\u043e\u043b\u044c\u0444\u0430 \u0432 \u0420\u0438\u0433\u0435","publisher":{"@id":"https:\/\/ufogolf.lv\/#organization"},"potentialAction":[{"@type":"SearchAction","target":{"@type":"EntryPoint","urlTemplate":"https:\/\/ufogolf.lv\/?s={search_term_string}"},"query-input":{"@type":"PropertyValueSpecification","valueRequired":true,"valueName":"search_term_string"}}],"inLanguage":"ru-RU"},{"@type":"Organization","@id":"https:\/\/ufogolf.lv\/#organization","name":"Ufogolf Latvia","alternateName":"Ufogolf Latvija","url":"https:\/\/ufogolf.lv\/","logo":{"@type":"ImageObject","inLanguage":"ru-RU","@id":"https:\/\/ufogolf.lv\/#\/schema\/logo\/image\/","url":"https:\/\/ufogolf.lv\/wp-content\/uploads\/\/2021\/05\/ufogolf_logo_krasains.png","contentUrl":"https:\/\/ufogolf.lv\/wp-content\/uploads\/\/2021\/05\/ufogolf_logo_krasains.png","width":182,"height":187,"caption":"Ufogolf Latvia"},"image":{"@id":"https:\/\/ufogolf.lv\/#\/schema\/logo\/image\/"},"sameAs":["https:\/\/facebook.com\/ufogolflatvija","https:\/\/www.instagram.com\/ufogolf","https:\/\/www.linkedin.com\/company\/ufogolf-latvija","https:\/\/www.youtube.com\/user\/ufogolflatvija"]}]}},"_links":{"self":[{"href":"https:\/\/ufogolf.lv\/ru\/wp-json\/wp\/v2\/pages\/16","targetHints":{"allow":["GET"]}}],"collection":[{"href":"https:\/\/ufogolf.lv\/ru\/wp-json\/wp\/v2\/pages"}],"about":[{"href":"https:\/\/ufogolf.lv\/ru\/wp-json\/wp\/v2\/types\/page"}],"author":[{"embeddable":true,"href":"https:\/\/ufogolf.lv\/ru\/wp-json\/wp\/v2\/users\/2"}],"replies":[{"embeddable":true,"href":"https:\/\/ufogolf.lv\/ru\/wp-json\/wp\/v2\/comments?post=16"}],"version-history":[{"count":41,"href":"https:\/\/ufogolf.lv\/ru\/wp-json\/wp\/v2\/pages\/16\/revisions"}],"predecessor-version":[{"id":5171,"href":"https:\/\/ufogolf.lv\/ru\/wp-json\/wp\/v2\/pages\/16\/revisions\/5171"}],"up":[{"embeddable":true,"href":"https:\/\/ufogolf.lv\/ru\/wp-json\/wp\/v2\/pages\/5"}],"wp:featuredmedia":[{"embeddable":true,"href":"https:\/\/ufogolf.lv\/ru\/wp-json\/wp\/v2\/media\/5156"}],"wp:attachment":[{"href":"https:\/\/ufogolf.lv\/ru\/wp-json\/wp\/v2\/media?parent=16"}],"curies":[{"name":"wp","href":"https:\/\/api.w.org\/{rel}","templated":true}]}}