{"id":2191,"date":"2018-04-04T22:50:30","date_gmt":"2018-04-04T19:50:30","guid":{"rendered":"http:\/\/dev.ufogolf.lv\/?page_id=2191"},"modified":"2020-01-06T12:09:12","modified_gmt":"2020-01-06T10:09:12","slug":"par-klubu-2","status":"publish","type":"page","link":"https:\/\/ufogolf.lv\/ru\/disku-golfa-klubs\/par-klubu-2\/","title":{"rendered":"\u0414\u0438\u0441\u043a \u0433\u043e\u043b\u044c\u0444 \u043a\u043b\u0443\u0431 &#171;\u0423\u0424\u041e\u0413\u041e\u041b\u042c\u0424&#187;"},"content":{"rendered":"<p><\/p>\n<h2 style=\"text-align: center;\"><strong>Disku golfa klubs &#171;UFOGOLF\u201d<\/strong><\/h2>\n<p style=\"text-align: center;\"><strong>UFOGOLF disku golfa klubs ir k\u0101 \u0123imene, kur\u0101 tiek gaid\u012bts un uz\u0146emts\u00a0<\/strong><strong>ikviens. <\/strong><strong>Kluba biedri ieliks nepiecie\u0161amos pamatus un pozit\u012bvu attieksmi\u00a0<\/strong><strong>pret disku golfu. <\/strong><strong>N\u0101kot sp\u0113l\u0113t disku golfu, m\u0113s par\u016bp\u0113simies, lai tas ir\u00a0<\/strong><strong>dienas lab\u0101kais notikums. <\/strong><strong>Var\u0113si satikt cilv\u0113kus, kas, neskatoties uz to,\u00a0<\/strong><strong>ka nav \u0123imene vai draugi, dr\u012bz vien k\u013c\u016bst par t\u0101diem, <\/strong><strong>kas sniedz draudz\u012bgu\u00a0<\/strong><strong>kopienas saj\u016btu un atkal redz\u0113\u0161an\u0101s prieku pie katras disku golfa sp\u0113les.\u00a0<\/strong><\/p>\n<p style=\"text-align: center;\"><strong>Gaid\u0101m Tevi klub\u0101!<\/strong><\/p>\n<p style=\"text-align: center;\"><a href=\"https:\/\/ufogolf.lv\/wp-content\/uploads\/\/2018\/03\/UFOGOLF-Biedribas_statuti.pdf\"><strong>STAT\u016aTI<\/strong><\/a><\/p>\n<p style=\"text-align: center;\"><strong>Kluba biedri un iest\u0101\u0161an\u0101s klub\u0101<\/strong><\/p>\n<p style=\"text-align: center;\">Par disku golfa kluba \u201cUFOGOLF\u201d biedriem var k\u013c\u016bt jebkur\u0161 disku golfa<br \/>\ninteresents, iest\u0101\u0161an\u0101s maksa klub\u0101 \u2013 20 EUR. Kluba biedru gada maksa ir 30 EUR (s\u0101kot ar otro gadu).<br \/>\nBiedra gada maksa ir paredz\u0113ta kluba uztur\u0113\u0161anai un pas\u0101kumu organiz\u0113\u0161anai.<\/p>\n<p style=\"text-align: center;\"><strong>Kluba biedru priek\u0161roc\u012bbas:<\/strong><\/p>\n<p style=\"text-align: center;\"><img loading=\"lazy\" decoding=\"async\" class=\"alignnone size-large wp-image-3866\" src=\"https:\/\/ufogolf.lv\/wp-content\/uploads\/\/2017\/02\/Kluba_prieksrocibas-1-758x1024.jpg\" alt=\"\" width=\"758\" height=\"1024\" srcset=\"https:\/\/ufogolf.lv\/wp-content\/uploads\/2017\/02\/Kluba_prieksrocibas-1-758x1024.jpg 758w, https:\/\/ufogolf.lv\/wp-content\/uploads\/2017\/02\/Kluba_prieksrocibas-1-222x300.jpg 222w, https:\/\/ufogolf.lv\/wp-content\/uploads\/2017\/02\/Kluba_prieksrocibas-1-111x150.jpg 111w, https:\/\/ufogolf.lv\/wp-content\/uploads\/2017\/02\/Kluba_prieksrocibas-1-768x1037.jpg 768w, https:\/\/ufogolf.lv\/wp-content\/uploads\/2017\/02\/Kluba_prieksrocibas-1-1138x1536.jpg 1138w, https:\/\/ufogolf.lv\/wp-content\/uploads\/2017\/02\/Kluba_prieksrocibas-1-1140x1539.jpg 1140w, https:\/\/ufogolf.lv\/wp-content\/uploads\/2017\/02\/Kluba_prieksrocibas-1-593x800.jpg 593w, https:\/\/ufogolf.lv\/wp-content\/uploads\/2017\/02\/Kluba_prieksrocibas-1.jpg 1185w\" sizes=\"auto, (max-width: 758px) 100vw, 758px\" \/><\/p>\n<p style=\"text-align: center;\"><strong>Re\u0123istr\u0101cijas anketa:<\/strong><\/p>\n<p style=\"text-align: center;\"><iframe loading=\"lazy\" src=\"https:\/\/docs.google.com\/forms\/d\/e\/1FAIpQLSclxbDhFVwzpOkZw-rFG1kAo5gdxVDpFYAdKDzFg4UGg5b2hw\/viewform?embedded=true\" width=\"760\" height=\"700\" frameborder=\"0\" marginwidth=\"0\" marginheight=\"0\">Notiek iel\u0101de&#8230;<\/iframe><\/p>\n<p style=\"text-align: center;\"><strong>Draudz\u012bgie noteikumi<\/strong><\/p>\n<p style=\"text-align: center;\"><img loading=\"lazy\" decoding=\"async\" class=\"aligncenter wp-image-3867 size-large\" src=\"https:\/\/ufogolf.lv\/wp-content\/uploads\/\/2017\/02\/UFOGOLF-KLUBA-BIEDRU-DRAUDZ\u012aGIE-NOTEIKUMI-1-e1555403926518-897x1024.jpg\" alt=\"\" width=\"897\" height=\"1024\" srcset=\"https:\/\/ufogolf.lv\/wp-content\/uploads\/2017\/02\/UFOGOLF-KLUBA-BIEDRU-DRAUDZ\u012aGIE-NOTEIKUMI-1-e1555403926518-897x1024.jpg 897w, https:\/\/ufogolf.lv\/wp-content\/uploads\/2017\/02\/UFOGOLF-KLUBA-BIEDRU-DRAUDZ\u012aGIE-NOTEIKUMI-1-e1555403926518-263x300.jpg 263w, https:\/\/ufogolf.lv\/wp-content\/uploads\/2017\/02\/UFOGOLF-KLUBA-BIEDRU-DRAUDZ\u012aGIE-NOTEIKUMI-1-e1555403926518-131x150.jpg 131w, https:\/\/ufogolf.lv\/wp-content\/uploads\/2017\/02\/UFOGOLF-KLUBA-BIEDRU-DRAUDZ\u012aGIE-NOTEIKUMI-1-e1555403926518-768x876.jpg 768w, https:\/\/ufogolf.lv\/wp-content\/uploads\/2017\/02\/UFOGOLF-KLUBA-BIEDRU-DRAUDZ\u012aGIE-NOTEIKUMI-1-e1555403926518-1346x1536.jpg 1346w, https:\/\/ufogolf.lv\/wp-content\/uploads\/2017\/02\/UFOGOLF-KLUBA-BIEDRU-DRAUDZ\u012aGIE-NOTEIKUMI-1-e1555403926518-1140x1301.jpg 1140w, https:\/\/ufogolf.lv\/wp-content\/uploads\/2017\/02\/UFOGOLF-KLUBA-BIEDRU-DRAUDZ\u012aGIE-NOTEIKUMI-1-e1555403926518-701x800.jpg 701w, https:\/\/ufogolf.lv\/wp-content\/uploads\/2017\/02\/UFOGOLF-KLUBA-BIEDRU-DRAUDZ\u012aGIE-NOTEIKUMI-1-e1555403926518.jpg 1402w\" sizes=\"auto, (max-width: 897px) 100vw, 897px\" \/><\/p>\n<p style=\"text-align: center;\"><strong>Facebook<\/strong>\u00a0izveidota \u012bpa\u0161a kluba vieta &#171;UFOGOLF klubs&#187;, kur \u010datojam, inform\u0113jam, izaicin\u0101m un uzmundrin\u0101m katru komandas biedru. \u0160aj\u0101 grup\u0101 J\u016bs tiksiet uzaicin\u0101ti, tikl\u012bdz b\u016bsiet iest\u0101ju\u0161ies m\u016bsu klub\u0101.<\/p>\n<p style=\"text-align: center;\"><strong>WhatsApp<\/strong>\u00a0komunik\u0101cijas platform\u0101 ar\u012b ir sava grupa, kur UFOGOLF kluba biedriem \u0101tr\u0101k sazin\u0101ties vienam ar otru. Ja \u0161\u0101da aplik\u0101cija, nav tad pal\u012bdz\u0113sim t\u0101du uzlikt, no\u0146emt pazi\u0146ojumus, lai netrauc\u0113 ikdienas gait\u0101m, bet jebkur\u0101 br\u012bd\u012b varat sazin\u0101ties!<\/p>\n<p style=\"text-align: center;\">Uz tik\u0161anos laukum\u0101!<\/p>\n<p><\/p>","protected":false},"excerpt":{"rendered":"<p>Disku golfa klubs &#171;UFOGOLF\u201d UFOGOLF disku golfa klubs ir k\u0101 \u0123imene, kur\u0101 tiek gaid\u012bts un uz\u0146emts\u00a0ikviens. Kluba biedri ieliks nepiecie\u0161amos pamatus un pozit\u012bvu attieksmi\u00a0pret disku golfu. N\u0101kot sp\u0113l\u0113t disku golfu, m\u0113s par\u016bp\u0113simies, lai tas ir\u00a0dienas lab\u0101kais notikums. Var\u0113si satikt cilv\u0113kus, kas, neskatoties uz to,\u00a0ka nav \u0123imene vai draugi, dr\u012bz vien k\u013c\u016bst par t\u0101diem, kas sniedz&#8230;<\/p>\n","protected":false},"author":2,"featured_media":0,"parent":2177,"menu_order":2,"comment_status":"closed","ping_status":"closed","template":"","meta":{"_acf_changed":false,"footnotes":""},"class_list":["post-2191","page","type-page","status-publish","hentry"],"acf":[],"yoast_head":"<!-- This site is optimized with the Yoast SEO plugin v24.6 - https:\/\/yoast.com\/wordpress\/plugins\/seo\/ -->\n<title>\u0414\u0438\u0441\u043a \u0433\u043e\u043b\u044c\u0444 \u043a\u043b\u0443\u0431 &quot;\u0423\u0424\u041e\u0413\u041e\u041b\u042c\u0424&quot; - UFOGOLF<\/title>\n<meta name=\"robots\" content=\"index, follow, max-snippet:-1, max-image-preview:large, max-video-preview:-1\" \/>\n<link rel=\"canonical\" href=\"https:\/\/ufogolf.lv\/disku-golfa-klubs\/par-klubu-2\/\" \/>\n<meta property=\"og:locale\" content=\"ru_RU\" \/>\n<meta property=\"og:type\" content=\"article\" \/>\n<meta property=\"og:title\" content=\"[:lv]Disku golfa klubs \u201cUFOGOLF\u201d[:en]Disc golf club &quot;UFOGOLF&quot;[:ru]\u0414\u0438\u0441\u043a \u0433\u043e\u043b\u044c\u0444 \u043a\u043b\u0443\u0431 &quot;\u0423\u0424\u041e\u0413\u041e\u041b\u042c\u0424&quot;[:] - UFOGOLF\" \/>\n<meta property=\"og:description\" content=\"Disku golfa klubs &#171;UFOGOLF\u201d UFOGOLF disku golfa klubs ir k\u0101 \u0123imene, kur\u0101 tiek gaid\u012bts un uz\u0146emts\u00a0ikviens. Kluba biedri ieliks nepiecie\u0161amos pamatus un pozit\u012bvu attieksmi\u00a0pret disku golfu. N\u0101kot sp\u0113l\u0113t disku golfu, m\u0113s par\u016bp\u0113simies, lai tas ir\u00a0dienas lab\u0101kais notikums. Var\u0113si satikt cilv\u0113kus, kas, neskatoties uz to,\u00a0ka nav \u0123imene vai draugi, dr\u012bz vien k\u013c\u016bst par t\u0101diem, kas sniedz...\" \/>\n<meta property=\"og:url\" content=\"https:\/\/ufogolf.lv\/disku-golfa-klubs\/par-klubu-2\/\" \/>\n<meta property=\"og:site_name\" content=\"UFOGOLF\" \/>\n<meta property=\"article:publisher\" content=\"https:\/\/facebook.com\/ufogolflatvija\" \/>\n<meta property=\"article:modified_time\" content=\"2020-01-06T10:09:12+00:00\" \/>\n<meta property=\"og:image\" content=\"https:\/\/ufogolf.lv\/wp-content\/uploads\/\/2017\/02\/Kluba_prieksrocibas-1-758x1024.jpg\" \/>\n<meta name=\"twitter:card\" content=\"summary_large_image\" \/>\n<meta name=\"twitter:label1\" content=\"\u041f\u0440\u0438\u043c\u0435\u0440\u043d\u043e\u0435 \u0432\u0440\u0435\u043c\u044f \u0434\u043b\u044f \u0447\u0442\u0435\u043d\u0438\u044f\" \/>\n\t<meta name=\"twitter:data1\" content=\"4 \u043c\u0438\u043d\u0443\u0442\u044b\" \/>\n<script type=\"application\/ld+json\" class=\"yoast-schema-graph\">{\"@context\":\"https:\/\/schema.org\",\"@graph\":[{\"@type\":\"WebPage\",\"@id\":\"https:\/\/ufogolf.lv\/disku-golfa-klubs\/par-klubu-2\/\",\"url\":\"https:\/\/ufogolf.lv\/disku-golfa-klubs\/par-klubu-2\/\",\"name\":\"[:lv]Disku golfa klubs \u201cUFOGOLF\u201d[:en]Disc golf club \\\"UFOGOLF\\\"[:ru]\u0414\u0438\u0441\u043a \u0433\u043e\u043b\u044c\u0444 \u043a\u043b\u0443\u0431 \\\"\u0423\u0424\u041e\u0413\u041e\u041b\u042c\u0424\\\"[:] - UFOGOLF\",\"isPartOf\":{\"@id\":\"https:\/\/ufogolf.lv\/#website\"},\"primaryImageOfPage\":{\"@id\":\"https:\/\/ufogolf.lv\/disku-golfa-klubs\/par-klubu-2\/#primaryimage\"},\"image\":{\"@id\":\"https:\/\/ufogolf.lv\/disku-golfa-klubs\/par-klubu-2\/#primaryimage\"},\"thumbnailUrl\":\"https:\/\/ufogolf.lv\/wp-content\/uploads\/\/2017\/02\/Kluba_prieksrocibas-1-758x1024.jpg\",\"datePublished\":\"2018-04-04T19:50:30+00:00\",\"dateModified\":\"2020-01-06T10:09:12+00:00\",\"breadcrumb\":{\"@id\":\"https:\/\/ufogolf.lv\/disku-golfa-klubs\/par-klubu-2\/#breadcrumb\"},\"inLanguage\":\"ru-RU\",\"potentialAction\":[{\"@type\":\"ReadAction\",\"target\":[\"https:\/\/ufogolf.lv\/disku-golfa-klubs\/par-klubu-2\/\"]}]},{\"@type\":\"ImageObject\",\"inLanguage\":\"ru-RU\",\"@id\":\"https:\/\/ufogolf.lv\/disku-golfa-klubs\/par-klubu-2\/#primaryimage\",\"url\":\"https:\/\/ufogolf.lv\/wp-content\/uploads\/\/2017\/02\/Kluba_prieksrocibas-1-758x1024.jpg\",\"contentUrl\":\"https:\/\/ufogolf.lv\/wp-content\/uploads\/\/2017\/02\/Kluba_prieksrocibas-1-758x1024.jpg\"},{\"@type\":\"BreadcrumbList\",\"@id\":\"https:\/\/ufogolf.lv\/disku-golfa-klubs\/par-klubu-2\/#breadcrumb\",\"itemListElement\":[{\"@type\":\"ListItem\",\"position\":1,\"name\":\"Home\",\"item\":\"https:\/\/ufogolf.lv\/\"},{\"@type\":\"ListItem\",\"position\":2,\"name\":\"Klubs\",\"item\":\"https:\/\/ufogolf.lv\/disku-golfa-klubs\/\"},{\"@type\":\"ListItem\",\"position\":3,\"name\":\"Disku golfa klubs \u201cUFOGOLF\u201d\"}]},{\"@type\":\"WebSite\",\"@id\":\"https:\/\/ufogolf.lv\/#website\",\"url\":\"https:\/\/ufogolf.lv\/\",\"name\":\"UFOGOLF\",\"description\":\"UFOGOLF \u0434\u0438\u0441\u043a \u0433\u043e\u043b\u044c\u0444 \u0438 \u043f\u043e\u043b\u044f \u0434\u043b\u044f \u0434\u0438\u0441\u043a-\u0433\u043e\u043b\u044c\u0444\u0430 \u0432 \u0420\u0438\u0433\u0435\",\"publisher\":{\"@id\":\"https:\/\/ufogolf.lv\/#organization\"},\"potentialAction\":[{\"@type\":\"SearchAction\",\"target\":{\"@type\":\"EntryPoint\",\"urlTemplate\":\"https:\/\/ufogolf.lv\/?s={search_term_string}\"},\"query-input\":{\"@type\":\"PropertyValueSpecification\",\"valueRequired\":true,\"valueName\":\"search_term_string\"}}],\"inLanguage\":\"ru-RU\"},{\"@type\":\"Organization\",\"@id\":\"https:\/\/ufogolf.lv\/#organization\",\"name\":\"Ufogolf Latvia\",\"alternateName\":\"Ufogolf Latvija\",\"url\":\"https:\/\/ufogolf.lv\/\",\"logo\":{\"@type\":\"ImageObject\",\"inLanguage\":\"ru-RU\",\"@id\":\"https:\/\/ufogolf.lv\/#\/schema\/logo\/image\/\",\"url\":\"https:\/\/ufogolf.lv\/wp-content\/uploads\/\/2021\/05\/ufogolf_logo_krasains.png\",\"contentUrl\":\"https:\/\/ufogolf.lv\/wp-content\/uploads\/\/2021\/05\/ufogolf_logo_krasains.png\",\"width\":182,\"height\":187,\"caption\":\"Ufogolf Latvia\"},\"image\":{\"@id\":\"https:\/\/ufogolf.lv\/#\/schema\/logo\/image\/\"},\"sameAs\":[\"https:\/\/facebook.com\/ufogolflatvija\",\"https:\/\/www.instagram.com\/ufogolf\",\"https:\/\/www.linkedin.com\/company\/ufogolf-latvija\",\"https:\/\/www.youtube.com\/user\/ufogolflatvija\"]}]}<\/script>\n<!-- \/ Yoast SEO plugin. -->","yoast_head_json":{"title":"[:lv]Disku golfa klubs \u201cUFOGOLF\u201d[:en]Disc golf club \"UFOGOLF\"[:ru]\u0414\u0438\u0441\u043a \u0433\u043e\u043b\u044c\u0444 \u043a\u043b\u0443\u0431 \"\u0423\u0424\u041e\u0413\u041e\u041b\u042c\u0424\"[:] - UFOGOLF","robots":{"index":"index","follow":"follow","max-snippet":"max-snippet:-1","max-image-preview":"max-image-preview:large","max-video-preview":"max-video-preview:-1"},"canonical":"https:\/\/ufogolf.lv\/disku-golfa-klubs\/par-klubu-2\/","og_locale":"ru_RU","og_type":"article","og_title":"[:lv]Disku golfa klubs \u201cUFOGOLF\u201d[:en]Disc golf club \"UFOGOLF\"[:ru]\u0414\u0438\u0441\u043a \u0433\u043e\u043b\u044c\u0444 \u043a\u043b\u0443\u0431 \"\u0423\u0424\u041e\u0413\u041e\u041b\u042c\u0424\"[:] - UFOGOLF","og_description":"Disku golfa klubs &#171;UFOGOLF\u201d UFOGOLF disku golfa klubs ir k\u0101 \u0123imene, kur\u0101 tiek gaid\u012bts un uz\u0146emts\u00a0ikviens. Kluba biedri ieliks nepiecie\u0161amos pamatus un pozit\u012bvu attieksmi\u00a0pret disku golfu. N\u0101kot sp\u0113l\u0113t disku golfu, m\u0113s par\u016bp\u0113simies, lai tas ir\u00a0dienas lab\u0101kais notikums. Var\u0113si satikt cilv\u0113kus, kas, neskatoties uz to,\u00a0ka nav \u0123imene vai draugi, dr\u012bz vien k\u013c\u016bst par t\u0101diem, kas sniedz...","og_url":"https:\/\/ufogolf.lv\/disku-golfa-klubs\/par-klubu-2\/","og_site_name":"UFOGOLF","article_publisher":"https:\/\/facebook.com\/ufogolflatvija","article_modified_time":"2020-01-06T10:09:12+00:00","og_image":[{"url":"https:\/\/ufogolf.lv\/wp-content\/uploads\/\/2017\/02\/Kluba_prieksrocibas-1-758x1024.jpg","type":"","width":"","height":""}],"twitter_card":"summary_large_image","twitter_misc":{"\u041f\u0440\u0438\u043c\u0435\u0440\u043d\u043e\u0435 \u0432\u0440\u0435\u043c\u044f \u0434\u043b\u044f \u0447\u0442\u0435\u043d\u0438\u044f":"4 \u043c\u0438\u043d\u0443\u0442\u044b"},"schema":{"@context":"https:\/\/schema.org","@graph":[{"@type":"WebPage","@id":"https:\/\/ufogolf.lv\/disku-golfa-klubs\/par-klubu-2\/","url":"https:\/\/ufogolf.lv\/disku-golfa-klubs\/par-klubu-2\/","name":"[:lv]Disku golfa klubs \u201cUFOGOLF\u201d[:en]Disc golf club \"UFOGOLF\"[:ru]\u0414\u0438\u0441\u043a \u0433\u043e\u043b\u044c\u0444 \u043a\u043b\u0443\u0431 \"\u0423\u0424\u041e\u0413\u041e\u041b\u042c\u0424\"[:] - UFOGOLF","isPartOf":{"@id":"https:\/\/ufogolf.lv\/#website"},"primaryImageOfPage":{"@id":"https:\/\/ufogolf.lv\/disku-golfa-klubs\/par-klubu-2\/#primaryimage"},"image":{"@id":"https:\/\/ufogolf.lv\/disku-golfa-klubs\/par-klubu-2\/#primaryimage"},"thumbnailUrl":"https:\/\/ufogolf.lv\/wp-content\/uploads\/\/2017\/02\/Kluba_prieksrocibas-1-758x1024.jpg","datePublished":"2018-04-04T19:50:30+00:00","dateModified":"2020-01-06T10:09:12+00:00","breadcrumb":{"@id":"https:\/\/ufogolf.lv\/disku-golfa-klubs\/par-klubu-2\/#breadcrumb"},"inLanguage":"ru-RU","potentialAction":[{"@type":"ReadAction","target":["https:\/\/ufogolf.lv\/disku-golfa-klubs\/par-klubu-2\/"]}]},{"@type":"ImageObject","inLanguage":"ru-RU","@id":"https:\/\/ufogolf.lv\/disku-golfa-klubs\/par-klubu-2\/#primaryimage","url":"https:\/\/ufogolf.lv\/wp-content\/uploads\/\/2017\/02\/Kluba_prieksrocibas-1-758x1024.jpg","contentUrl":"https:\/\/ufogolf.lv\/wp-content\/uploads\/\/2017\/02\/Kluba_prieksrocibas-1-758x1024.jpg"},{"@type":"BreadcrumbList","@id":"https:\/\/ufogolf.lv\/disku-golfa-klubs\/par-klubu-2\/#breadcrumb","itemListElement":[{"@type":"ListItem","position":1,"name":"Home","item":"https:\/\/ufogolf.lv\/"},{"@type":"ListItem","position":2,"name":"Klubs","item":"https:\/\/ufogolf.lv\/disku-golfa-klubs\/"},{"@type":"ListItem","position":3,"name":"Disku golfa klubs \u201cUFOGOLF\u201d"}]},{"@type":"WebSite","@id":"https:\/\/ufogolf.lv\/#website","url":"https:\/\/ufogolf.lv\/","name":"UFOGOLF","description":"UFOGOLF \u0434\u0438\u0441\u043a \u0433\u043e\u043b\u044c\u0444 \u0438 \u043f\u043e\u043b\u044f \u0434\u043b\u044f \u0434\u0438\u0441\u043a-\u0433\u043e\u043b\u044c\u0444\u0430 \u0432 \u0420\u0438\u0433\u0435","publisher":{"@id":"https:\/\/ufogolf.lv\/#organization"},"potentialAction":[{"@type":"SearchAction","target":{"@type":"EntryPoint","urlTemplate":"https:\/\/ufogolf.lv\/?s={search_term_string}"},"query-input":{"@type":"PropertyValueSpecification","valueRequired":true,"valueName":"search_term_string"}}],"inLanguage":"ru-RU"},{"@type":"Organization","@id":"https:\/\/ufogolf.lv\/#organization","name":"Ufogolf Latvia","alternateName":"Ufogolf Latvija","url":"https:\/\/ufogolf.lv\/","logo":{"@type":"ImageObject","inLanguage":"ru-RU","@id":"https:\/\/ufogolf.lv\/#\/schema\/logo\/image\/","url":"https:\/\/ufogolf.lv\/wp-content\/uploads\/\/2021\/05\/ufogolf_logo_krasains.png","contentUrl":"https:\/\/ufogolf.lv\/wp-content\/uploads\/\/2021\/05\/ufogolf_logo_krasains.png","width":182,"height":187,"caption":"Ufogolf Latvia"},"image":{"@id":"https:\/\/ufogolf.lv\/#\/schema\/logo\/image\/"},"sameAs":["https:\/\/facebook.com\/ufogolflatvija","https:\/\/www.instagram.com\/ufogolf","https:\/\/www.linkedin.com\/company\/ufogolf-latvija","https:\/\/www.youtube.com\/user\/ufogolflatvija"]}]}},"_links":{"self":[{"href":"https:\/\/ufogolf.lv\/ru\/wp-json\/wp\/v2\/pages\/2191","targetHints":{"allow":["GET"]}}],"collection":[{"href":"https:\/\/ufogolf.lv\/ru\/wp-json\/wp\/v2\/pages"}],"about":[{"href":"https:\/\/ufogolf.lv\/ru\/wp-json\/wp\/v2\/types\/page"}],"author":[{"embeddable":true,"href":"https:\/\/ufogolf.lv\/ru\/wp-json\/wp\/v2\/users\/2"}],"replies":[{"embeddable":true,"href":"https:\/\/ufogolf.lv\/ru\/wp-json\/wp\/v2\/comments?post=2191"}],"version-history":[{"count":30,"href":"https:\/\/ufogolf.lv\/ru\/wp-json\/wp\/v2\/pages\/2191\/revisions"}],"predecessor-version":[{"id":4679,"href":"https:\/\/ufogolf.lv\/ru\/wp-json\/wp\/v2\/pages\/2191\/revisions\/4679"}],"up":[{"embeddable":true,"href":"https:\/\/ufogolf.lv\/ru\/wp-json\/wp\/v2\/pages\/2177"}],"wp:attachment":[{"href":"https:\/\/ufogolf.lv\/ru\/wp-json\/wp\/v2\/media?parent=2191"}],"curies":[{"name":"wp","href":"https:\/\/api.w.org\/{rel}","templated":true}]}}