{"id":22,"date":"2013-05-14T11:15:00","date_gmt":"2013-05-14T11:15:00","guid":{"rendered":"https:\/\/ufogolf.lv\/?page_id=22"},"modified":"2025-04-15T15:04:19","modified_gmt":"2025-04-15T12:04:19","slug":"mezaparks","status":"publish","type":"page","link":"https:\/\/ufogolf.lv\/ru\/ufogolf\/mezaparks\/","title":{"rendered":"Mezaparks"},"content":{"rendered":"<p><\/p>\n<h3 style=\"text-align: center;\">\u0411\u043e\u043b\u044c\u0448\u0430\u044f \u043f\u043b\u043e\u0449\u0430\u0434\u044c<\/h3>\n<p><img loading=\"lazy\" decoding=\"async\" class=\"alignnone wp-image-5051 size-large\" src=\"https:\/\/ufogolf.lv\/wp-content\/uploads\/\/2023\/12\/UFOGOLF-airBaltic-DGP-plans-2023-small-1024x682.png\" alt=\"\" width=\"1024\" height=\"682\" srcset=\"https:\/\/ufogolf.lv\/wp-content\/uploads\/2023\/12\/UFOGOLF-airBaltic-DGP-plans-2023-small-1024x682.png 1024w, https:\/\/ufogolf.lv\/wp-content\/uploads\/2023\/12\/UFOGOLF-airBaltic-DGP-plans-2023-small-300x200.png 300w, https:\/\/ufogolf.lv\/wp-content\/uploads\/2023\/12\/UFOGOLF-airBaltic-DGP-plans-2023-small-150x100.png 150w, https:\/\/ufogolf.lv\/wp-content\/uploads\/2023\/12\/UFOGOLF-airBaltic-DGP-plans-2023-small-768x512.png 768w, https:\/\/ufogolf.lv\/wp-content\/uploads\/2023\/12\/UFOGOLF-airBaltic-DGP-plans-2023-small-1536x1023.png 1536w, https:\/\/ufogolf.lv\/wp-content\/uploads\/2023\/12\/UFOGOLF-airBaltic-DGP-plans-2023-small-1140x760.png 1140w, https:\/\/ufogolf.lv\/wp-content\/uploads\/2023\/12\/UFOGOLF-airBaltic-DGP-plans-2023-small-800x533.png 800w, https:\/\/ufogolf.lv\/wp-content\/uploads\/2023\/12\/UFOGOLF-airBaltic-DGP-plans-2023-small-600x400.png 600w, https:\/\/ufogolf.lv\/wp-content\/uploads\/2023\/12\/UFOGOLF-airBaltic-DGP-plans-2023-small.png 1600w\" sizes=\"auto, (max-width: 1024px) 100vw, 1024px\" \/><\/p>\n<div class=\"col-md-12\">\n<div class=\"col-md-6 col-xs-12\" style=\"text-align: center;\"><\/div>\n<\/div>\n<div class=\"col-md-12\">\n<div class=\"col-md-6 col-xs-12\" style=\"text-align: center;\">\u0414\u0438\u0441\u043a \u0433\u043e\u043b\u044c\u0444 \u043f\u043e\u043b\u0435 \u0432 \u0420\u0438\u0433\u0435<\/div>\n<\/div>\n<div style=\"position:relative;padding-top:max(60%,326px);height:0;width:100%\"><iframe allow=\"clipboard-write\" sandbox=\"allow-top-navigation allow-top-navigation-by-user-activation allow-downloads allow-scripts allow-same-origin allow-popups allow-modals allow-popups-to-escape-sandbox allow-forms\" allowfullscreen=\"true\" style=\"position:absolute;border:none;width:100%;height:100%;left:0;right:0;top:0;bottom:0;\" src=\"https:\/\/e.issuu.com\/embed.html?d=ufogolf_discgolfpark_caddy_book_2024&#038;u=ufogolf\"><\/iframe><\/div>\n<hr \/>\n<h3 style=\"text-align: center;\">\u041c\u0430\u043b\u0435\u043d\u044c\u043a\u0430\u044f \u043f\u043b\u043e\u0449\u0430\u0434\u044c<\/h3>\n<h3 style=\"text-align: center;\"><\/h3>\n<p><img loading=\"lazy\" decoding=\"async\" class=\"alignnone wp-image-5050 size-large\" src=\"https:\/\/ufogolf.lv\/wp-content\/uploads\/\/2023\/12\/UFOGOLF-airBaltic-DGP-Training-plans-2023-small-1024x721.png\" alt=\"\" width=\"1024\" height=\"721\" srcset=\"https:\/\/ufogolf.lv\/wp-content\/uploads\/2023\/12\/UFOGOLF-airBaltic-DGP-Training-plans-2023-small-1024x721.png 1024w, https:\/\/ufogolf.lv\/wp-content\/uploads\/2023\/12\/UFOGOLF-airBaltic-DGP-Training-plans-2023-small-300x211.png 300w, https:\/\/ufogolf.lv\/wp-content\/uploads\/2023\/12\/UFOGOLF-airBaltic-DGP-Training-plans-2023-small-150x106.png 150w, https:\/\/ufogolf.lv\/wp-content\/uploads\/2023\/12\/UFOGOLF-airBaltic-DGP-Training-plans-2023-small-768x540.png 768w, https:\/\/ufogolf.lv\/wp-content\/uploads\/2023\/12\/UFOGOLF-airBaltic-DGP-Training-plans-2023-small-1536x1081.png 1536w, https:\/\/ufogolf.lv\/wp-content\/uploads\/2023\/12\/UFOGOLF-airBaltic-DGP-Training-plans-2023-small-1140x802.png 1140w, https:\/\/ufogolf.lv\/wp-content\/uploads\/2023\/12\/UFOGOLF-airBaltic-DGP-Training-plans-2023-small-800x563.png 800w, https:\/\/ufogolf.lv\/wp-content\/uploads\/2023\/12\/UFOGOLF-airBaltic-DGP-Training-plans-2023-small-600x422.png 600w, https:\/\/ufogolf.lv\/wp-content\/uploads\/2023\/12\/UFOGOLF-airBaltic-DGP-Training-plans-2023-small.png 1600w\" sizes=\"auto, (max-width: 1024px) 100vw, 1024px\" \/><\/p>\n<p>&nbsp;<br \/>\nMe\u017eaparks<br \/>\n<iframe loading=\"lazy\" src=\"https:\/\/calendar.google.com\/calendar\/embed?height=600&#038;wkst=2&#038;ctz=Europe%2FRiga&#038;showPrint=0&#038;src=NWxjM3Y2MXNkMXA5dXEyNHF2cjlqb3N1ZDhAZ3JvdXAuY2FsZW5kYXIuZ29vZ2xlLmNvbQ&#038;src=ZmFtaWx5MDMyMjA5NzYwNDIwNDc2NDIyMTdAZ3JvdXAuY2FsZW5kYXIuZ29vZ2xlLmNvbQ&#038;src=YzJxOGcybm5iNDVsNW8yamcxdTJiMmhqbzRAZ3JvdXAuY2FsZW5kYXIuZ29vZ2xlLmNvbQ&#038;color=%23EF6C00&#038;color=%23009688&#038;color=%23D50000\" style=\"border:solid 1px #777\" width=\"100%\" height=\"600\" frameborder=\"0\" scrolling=\"no\"><\/iframe><\/p>","protected":false},"excerpt":{"rendered":"<p>\u0411\u043e\u043b\u044c\u0448\u0430\u044f \u043f\u043b\u043e\u0449\u0430\u0434\u044c \u0414\u0438\u0441\u043a \u0433\u043e\u043b\u044c\u0444 \u043f\u043e\u043b\u0435 \u0432 \u0420\u0438\u0433\u0435 \u041c\u0430\u043b\u0435\u043d\u044c\u043a\u0430\u044f \u043f\u043b\u043e\u0449\u0430\u0434\u044c &nbsp; Me\u017eaparks<\/p>\n","protected":false},"author":2,"featured_media":0,"parent":5,"menu_order":4,"comment_status":"open","ping_status":"open","template":"","meta":{"_acf_changed":false,"footnotes":""},"class_list":["post-22","page","type-page","status-publish","hentry"],"acf":[],"yoast_head":"<!-- This site is optimized with the Yoast SEO plugin v24.6 - https:\/\/yoast.com\/wordpress\/plugins\/seo\/ -->\n<title>Mezaparks - UFOGOLF<\/title>\n<meta name=\"description\" content=\"Disku Golfs tiek sp\u0113l\u0113ts uz speci\u0101li izb\u016bv\u0113tiem laukumiem dab\u0101. Laukuma pl\u0101ns parasti atrodas net\u0101lu no pirm\u0101 celi\u0146a un par\u0101da visu nepiecie\u0161amo inform\u0101ciju\" \/>\n<meta name=\"robots\" content=\"index, follow, max-snippet:-1, max-image-preview:large, max-video-preview:-1\" \/>\n<link rel=\"canonical\" href=\"https:\/\/ufogolf.lv\/ufogolf\/mezaparks\/\" \/>\n<meta property=\"og:locale\" content=\"ru_RU\" \/>\n<meta property=\"og:type\" content=\"article\" \/>\n<meta property=\"og:title\" content=\"[:lv]Me\u017eaparks[:en]Mezaparks[:ru]Mezaparks[:] - UFOGOLF\" \/>\n<meta property=\"og:description\" content=\"Disku Golfs tiek sp\u0113l\u0113ts uz speci\u0101li izb\u016bv\u0113tiem laukumiem dab\u0101. Laukuma pl\u0101ns parasti atrodas net\u0101lu no pirm\u0101 celi\u0146a un par\u0101da visu nepiecie\u0161amo inform\u0101ciju\" \/>\n<meta property=\"og:url\" content=\"https:\/\/ufogolf.lv\/ufogolf\/mezaparks\/\" \/>\n<meta property=\"og:site_name\" content=\"UFOGOLF\" \/>\n<meta property=\"article:publisher\" content=\"https:\/\/facebook.com\/ufogolflatvija\" \/>\n<meta property=\"article:modified_time\" content=\"2025-04-15T12:04:19+00:00\" \/>\n<meta property=\"og:image\" content=\"https:\/\/ufogolf.lv\/wp-content\/uploads\/\/2023\/12\/UFOGOLF-airBaltic-DGP-plans-2023-small.png\" \/>\n\t<meta property=\"og:image:width\" content=\"1600\" \/>\n\t<meta property=\"og:image:height\" content=\"1066\" \/>\n\t<meta property=\"og:image:type\" content=\"image\/png\" \/>\n<meta name=\"twitter:card\" content=\"summary_large_image\" \/>\n<meta name=\"twitter:label1\" content=\"\u041f\u0440\u0438\u043c\u0435\u0440\u043d\u043e\u0435 \u0432\u0440\u0435\u043c\u044f \u0434\u043b\u044f \u0447\u0442\u0435\u043d\u0438\u044f\" \/>\n\t<meta name=\"twitter:data1\" content=\"2 \u043c\u0438\u043d\u0443\u0442\u044b\" \/>\n<script type=\"application\/ld+json\" class=\"yoast-schema-graph\">{\"@context\":\"https:\/\/schema.org\",\"@graph\":[{\"@type\":\"WebPage\",\"@id\":\"https:\/\/ufogolf.lv\/ufogolf\/mezaparks\/\",\"url\":\"https:\/\/ufogolf.lv\/ufogolf\/mezaparks\/\",\"name\":\"[:lv]Me\u017eaparks[:en]Mezaparks[:ru]Mezaparks[:] - UFOGOLF\",\"isPartOf\":{\"@id\":\"https:\/\/ufogolf.lv\/#website\"},\"primaryImageOfPage\":{\"@id\":\"https:\/\/ufogolf.lv\/ufogolf\/mezaparks\/#primaryimage\"},\"image\":{\"@id\":\"https:\/\/ufogolf.lv\/ufogolf\/mezaparks\/#primaryimage\"},\"thumbnailUrl\":\"https:\/\/ufogolf.lv\/wp-content\/uploads\/\/2023\/12\/UFOGOLF-airBaltic-DGP-plans-2023-small-1024x682.png\",\"datePublished\":\"2013-05-14T11:15:00+00:00\",\"dateModified\":\"2025-04-15T12:04:19+00:00\",\"description\":\"Disku Golfs tiek sp\u0113l\u0113ts uz speci\u0101li izb\u016bv\u0113tiem laukumiem dab\u0101. Laukuma pl\u0101ns parasti atrodas net\u0101lu no pirm\u0101 celi\u0146a un par\u0101da visu nepiecie\u0161amo inform\u0101ciju\",\"breadcrumb\":{\"@id\":\"https:\/\/ufogolf.lv\/ufogolf\/mezaparks\/#breadcrumb\"},\"inLanguage\":\"ru-RU\",\"potentialAction\":[{\"@type\":\"ReadAction\",\"target\":[\"https:\/\/ufogolf.lv\/ufogolf\/mezaparks\/\"]}]},{\"@type\":\"ImageObject\",\"inLanguage\":\"ru-RU\",\"@id\":\"https:\/\/ufogolf.lv\/ufogolf\/mezaparks\/#primaryimage\",\"url\":\"https:\/\/ufogolf.lv\/wp-content\/uploads\/\/2023\/12\/UFOGOLF-airBaltic-DGP-plans-2023-small-1024x682.png\",\"contentUrl\":\"https:\/\/ufogolf.lv\/wp-content\/uploads\/\/2023\/12\/UFOGOLF-airBaltic-DGP-plans-2023-small-1024x682.png\"},{\"@type\":\"BreadcrumbList\",\"@id\":\"https:\/\/ufogolf.lv\/ufogolf\/mezaparks\/#breadcrumb\",\"itemListElement\":[{\"@type\":\"ListItem\",\"position\":1,\"name\":\"Home\",\"item\":\"https:\/\/ufogolf.lv\/\"},{\"@type\":\"ListItem\",\"position\":2,\"name\":\"Ufogolf\",\"item\":\"https:\/\/ufogolf.lv\/\"},{\"@type\":\"ListItem\",\"position\":3,\"name\":\"Me\u017eaparks\"}]},{\"@type\":\"WebSite\",\"@id\":\"https:\/\/ufogolf.lv\/#website\",\"url\":\"https:\/\/ufogolf.lv\/\",\"name\":\"UFOGOLF\",\"description\":\"UFOGOLF \u0434\u0438\u0441\u043a \u0433\u043e\u043b\u044c\u0444 \u0438 \u043f\u043e\u043b\u044f \u0434\u043b\u044f \u0434\u0438\u0441\u043a-\u0433\u043e\u043b\u044c\u0444\u0430 \u0432 \u0420\u0438\u0433\u0435\",\"publisher\":{\"@id\":\"https:\/\/ufogolf.lv\/#organization\"},\"potentialAction\":[{\"@type\":\"SearchAction\",\"target\":{\"@type\":\"EntryPoint\",\"urlTemplate\":\"https:\/\/ufogolf.lv\/?s={search_term_string}\"},\"query-input\":{\"@type\":\"PropertyValueSpecification\",\"valueRequired\":true,\"valueName\":\"search_term_string\"}}],\"inLanguage\":\"ru-RU\"},{\"@type\":\"Organization\",\"@id\":\"https:\/\/ufogolf.lv\/#organization\",\"name\":\"Ufogolf Latvia\",\"alternateName\":\"Ufogolf Latvija\",\"url\":\"https:\/\/ufogolf.lv\/\",\"logo\":{\"@type\":\"ImageObject\",\"inLanguage\":\"ru-RU\",\"@id\":\"https:\/\/ufogolf.lv\/#\/schema\/logo\/image\/\",\"url\":\"https:\/\/ufogolf.lv\/wp-content\/uploads\/\/2021\/05\/ufogolf_logo_krasains.png\",\"contentUrl\":\"https:\/\/ufogolf.lv\/wp-content\/uploads\/\/2021\/05\/ufogolf_logo_krasains.png\",\"width\":182,\"height\":187,\"caption\":\"Ufogolf Latvia\"},\"image\":{\"@id\":\"https:\/\/ufogolf.lv\/#\/schema\/logo\/image\/\"},\"sameAs\":[\"https:\/\/facebook.com\/ufogolflatvija\",\"https:\/\/www.instagram.com\/ufogolf\",\"https:\/\/www.linkedin.com\/company\/ufogolf-latvija\",\"https:\/\/www.youtube.com\/user\/ufogolflatvija\"]}]}<\/script>\n<!-- \/ Yoast SEO plugin. -->","yoast_head_json":{"title":"[:lv]Me\u017eaparks[:en]Mezaparks[:ru]Mezaparks[:] - UFOGOLF","description":"Disku Golfs tiek sp\u0113l\u0113ts uz speci\u0101li izb\u016bv\u0113tiem laukumiem dab\u0101. Laukuma pl\u0101ns parasti atrodas net\u0101lu no pirm\u0101 celi\u0146a un par\u0101da visu nepiecie\u0161amo inform\u0101ciju","robots":{"index":"index","follow":"follow","max-snippet":"max-snippet:-1","max-image-preview":"max-image-preview:large","max-video-preview":"max-video-preview:-1"},"canonical":"https:\/\/ufogolf.lv\/ufogolf\/mezaparks\/","og_locale":"ru_RU","og_type":"article","og_title":"[:lv]Me\u017eaparks[:en]Mezaparks[:ru]Mezaparks[:] - UFOGOLF","og_description":"Disku Golfs tiek sp\u0113l\u0113ts uz speci\u0101li izb\u016bv\u0113tiem laukumiem dab\u0101. Laukuma pl\u0101ns parasti atrodas net\u0101lu no pirm\u0101 celi\u0146a un par\u0101da visu nepiecie\u0161amo inform\u0101ciju","og_url":"https:\/\/ufogolf.lv\/ufogolf\/mezaparks\/","og_site_name":"UFOGOLF","article_publisher":"https:\/\/facebook.com\/ufogolflatvija","article_modified_time":"2025-04-15T12:04:19+00:00","og_image":[{"width":1600,"height":1066,"url":"https:\/\/ufogolf.lv\/wp-content\/uploads\/\/2023\/12\/UFOGOLF-airBaltic-DGP-plans-2023-small.png","type":"image\/png"}],"twitter_card":"summary_large_image","twitter_misc":{"\u041f\u0440\u0438\u043c\u0435\u0440\u043d\u043e\u0435 \u0432\u0440\u0435\u043c\u044f \u0434\u043b\u044f \u0447\u0442\u0435\u043d\u0438\u044f":"2 \u043c\u0438\u043d\u0443\u0442\u044b"},"schema":{"@context":"https:\/\/schema.org","@graph":[{"@type":"WebPage","@id":"https:\/\/ufogolf.lv\/ufogolf\/mezaparks\/","url":"https:\/\/ufogolf.lv\/ufogolf\/mezaparks\/","name":"[:lv]Me\u017eaparks[:en]Mezaparks[:ru]Mezaparks[:] - UFOGOLF","isPartOf":{"@id":"https:\/\/ufogolf.lv\/#website"},"primaryImageOfPage":{"@id":"https:\/\/ufogolf.lv\/ufogolf\/mezaparks\/#primaryimage"},"image":{"@id":"https:\/\/ufogolf.lv\/ufogolf\/mezaparks\/#primaryimage"},"thumbnailUrl":"https:\/\/ufogolf.lv\/wp-content\/uploads\/\/2023\/12\/UFOGOLF-airBaltic-DGP-plans-2023-small-1024x682.png","datePublished":"2013-05-14T11:15:00+00:00","dateModified":"2025-04-15T12:04:19+00:00","description":"Disku Golfs tiek sp\u0113l\u0113ts uz speci\u0101li izb\u016bv\u0113tiem laukumiem dab\u0101. Laukuma pl\u0101ns parasti atrodas net\u0101lu no pirm\u0101 celi\u0146a un par\u0101da visu nepiecie\u0161amo inform\u0101ciju","breadcrumb":{"@id":"https:\/\/ufogolf.lv\/ufogolf\/mezaparks\/#breadcrumb"},"inLanguage":"ru-RU","potentialAction":[{"@type":"ReadAction","target":["https:\/\/ufogolf.lv\/ufogolf\/mezaparks\/"]}]},{"@type":"ImageObject","inLanguage":"ru-RU","@id":"https:\/\/ufogolf.lv\/ufogolf\/mezaparks\/#primaryimage","url":"https:\/\/ufogolf.lv\/wp-content\/uploads\/\/2023\/12\/UFOGOLF-airBaltic-DGP-plans-2023-small-1024x682.png","contentUrl":"https:\/\/ufogolf.lv\/wp-content\/uploads\/\/2023\/12\/UFOGOLF-airBaltic-DGP-plans-2023-small-1024x682.png"},{"@type":"BreadcrumbList","@id":"https:\/\/ufogolf.lv\/ufogolf\/mezaparks\/#breadcrumb","itemListElement":[{"@type":"ListItem","position":1,"name":"Home","item":"https:\/\/ufogolf.lv\/"},{"@type":"ListItem","position":2,"name":"Ufogolf","item":"https:\/\/ufogolf.lv\/"},{"@type":"ListItem","position":3,"name":"Me\u017eaparks"}]},{"@type":"WebSite","@id":"https:\/\/ufogolf.lv\/#website","url":"https:\/\/ufogolf.lv\/","name":"UFOGOLF","description":"UFOGOLF \u0434\u0438\u0441\u043a \u0433\u043e\u043b\u044c\u0444 \u0438 \u043f\u043e\u043b\u044f \u0434\u043b\u044f \u0434\u0438\u0441\u043a-\u0433\u043e\u043b\u044c\u0444\u0430 \u0432 \u0420\u0438\u0433\u0435","publisher":{"@id":"https:\/\/ufogolf.lv\/#organization"},"potentialAction":[{"@type":"SearchAction","target":{"@type":"EntryPoint","urlTemplate":"https:\/\/ufogolf.lv\/?s={search_term_string}"},"query-input":{"@type":"PropertyValueSpecification","valueRequired":true,"valueName":"search_term_string"}}],"inLanguage":"ru-RU"},{"@type":"Organization","@id":"https:\/\/ufogolf.lv\/#organization","name":"Ufogolf Latvia","alternateName":"Ufogolf Latvija","url":"https:\/\/ufogolf.lv\/","logo":{"@type":"ImageObject","inLanguage":"ru-RU","@id":"https:\/\/ufogolf.lv\/#\/schema\/logo\/image\/","url":"https:\/\/ufogolf.lv\/wp-content\/uploads\/\/2021\/05\/ufogolf_logo_krasains.png","contentUrl":"https:\/\/ufogolf.lv\/wp-content\/uploads\/\/2021\/05\/ufogolf_logo_krasains.png","width":182,"height":187,"caption":"Ufogolf Latvia"},"image":{"@id":"https:\/\/ufogolf.lv\/#\/schema\/logo\/image\/"},"sameAs":["https:\/\/facebook.com\/ufogolflatvija","https:\/\/www.instagram.com\/ufogolf","https:\/\/www.linkedin.com\/company\/ufogolf-latvija","https:\/\/www.youtube.com\/user\/ufogolflatvija"]}]}},"_links":{"self":[{"href":"https:\/\/ufogolf.lv\/ru\/wp-json\/wp\/v2\/pages\/22","targetHints":{"allow":["GET"]}}],"collection":[{"href":"https:\/\/ufogolf.lv\/ru\/wp-json\/wp\/v2\/pages"}],"about":[{"href":"https:\/\/ufogolf.lv\/ru\/wp-json\/wp\/v2\/types\/page"}],"author":[{"embeddable":true,"href":"https:\/\/ufogolf.lv\/ru\/wp-json\/wp\/v2\/users\/2"}],"replies":[{"embeddable":true,"href":"https:\/\/ufogolf.lv\/ru\/wp-json\/wp\/v2\/comments?post=22"}],"version-history":[{"count":97,"href":"https:\/\/ufogolf.lv\/ru\/wp-json\/wp\/v2\/pages\/22\/revisions"}],"predecessor-version":[{"id":5313,"href":"https:\/\/ufogolf.lv\/ru\/wp-json\/wp\/v2\/pages\/22\/revisions\/5313"}],"up":[{"embeddable":true,"href":"https:\/\/ufogolf.lv\/ru\/wp-json\/wp\/v2\/pages\/5"}],"wp:attachment":[{"href":"https:\/\/ufogolf.lv\/ru\/wp-json\/wp\/v2\/media?parent=22"}],"curies":[{"name":"wp","href":"https:\/\/api.w.org\/{rel}","templated":true}]}}